{"id":14284,"date":"2024-03-08T16:11:45","date_gmt":"2024-03-08T19:11:45","guid":{"rendered":"https:\/\/www.frbb.utn.edu.ar\/frbb\/?page_id=14284"},"modified":"2026-04-24T20:16:42","modified_gmt":"2026-04-24T23:16:42","slug":"carreras","status":"publish","type":"page","link":"https:\/\/www.frbb.utn.edu.ar\/frbb\/sacad\/carreras\/","title":{"rendered":"Carreras"},"content":{"rendered":"\t\t<div data-elementor-type=\"wp-page\" data-elementor-id=\"14284\" class=\"elementor elementor-14284\">\n\t\t\t\t\t\t<section class=\"elementor-section elementor-top-section elementor-element elementor-element-96a3542 elementor-section-boxed elementor-section-height-default elementor-section-height-default\" data-id=\"96a3542\" data-element_type=\"section\">\n\t\t\t\t\t\t<div class=\"elementor-container elementor-column-gap-default\">\n\t\t\t\t\t<div class=\"elementor-column elementor-col-100 elementor-top-column elementor-element elementor-element-e658a96\" data-id=\"e658a96\" data-element_type=\"column\">\n\t\t\t<div class=\"elementor-widget-wrap elementor-element-populated\">\n\t\t\t\t\t\t<div class=\"elementor-element elementor-element-7cc9c9e elementor-widget elementor-widget-html\" data-id=\"7cc9c9e\" data-element_type=\"widget\" data-widget_type=\"html.default\">\n\t\t\t\t<div class=\"elementor-widget-container\">\n\t\t\t<div class=\"entry-content clear\" itemprop=\"text\">\r\n\r\n\t\t\r\n\t\t\r\n<div class=\"entry-header\">\r\n    <h3 itemprop=\"name\"> Carreras de esta Facultad\r\n        <div class=\"divider\"><\/div>\r\n    <\/h3>    \r\n  <\/div>\r\n  <div class=\"alert alert-info z-depth-1\" role=\"alert\" style=\"display: none;\">\r\n                <p><strong>En el marco de las restricciones de presencialidad debido a la emergencia sanitaria por COVID-19 la cohorte 2020 se ha adaptado al dictado de los seminarios a la modalidad virtual, hasta que se restablezca y autorice la presencialidad<br>En Virtud a esta modalidad, la Comisi\u00f3n Nacional de Evaluaci\u00f3n y Acreditaci\u00f3n Universitaria a elevado  <a href=\"images\/nota-coneau-2020.pdf\">nota sobre la  Dictado virtual de carreras presenciales<\/a><\/strong><\/p>\r\n            <\/div>  \r\n  <h4 style=\"line-height:40px\">TECNICATURAS<\/h4><br>\r\n  <div class=\"row\">\r\n    <div class=\"col-sm-6 col-md-6 col-lg-6\">\r\n        <div class=\"media\">\r\n  <div class=\"mr-3 hidden-xs text-center\" style=\"background-color: #555; color:#BCCE0F; font-size: 25px; width:70px; height:60px; line-height: 50px; font-weight: 500; float: left; display: block; border:solid #333366 2px \">\r\n                <span>TUP<\/span>\r\n            <\/div>\r\n  \t\t<div class=\"media-body\">\r\n    \t\t<h5 class=\"mt-0 mb-1\"><a href=\"tup\/\">Tecnicatura Universitaria en Programaci\u00f3n<\/a><\/h5>\r\n    \t\t<p>Apuntamos a una carrera de corta duraci\u00f3n, aprendizaje \u00e1gil y r\u00e1pida inserci\u00f3n en el mercado laboral local, nacional e internacional.<\/p>\r\n  \t\t<\/div>\r\n\t\t<\/div>\r\n    <\/div>\r\n    <div class=\"col-sm-6 col-md-6 col-lg-6\">\r\n\t\t<div class=\"media\">\r\n  \t\t\t<div class=\"mr-3 hidden-xs text-center\" style=\"background-color: #fff; color:#555; font-size: 25px; width:70px; height:60px; line-height: 50px; font-weight: 500; float: left; display: block; border:solid #BCCE0F 2px \">\r\n              <span>TUMI<\/span>\r\n          <\/div>\r\n  \t\t<div class=\"media-body\">\r\n   \t\t\t <h5 class=\"mt-0 mb-1\"><a href=\"\/frbb\/sacad\/carreras\/tumi\/\"><span>Tecnicatura Universitaria en Mantenimiento Industrial<\/span><\/a><\/h5>\r\n    <p>Abarca los conceptos de mantenimiento el\u00e9ctrico, hidr\u00e1ulico, neum\u00e1tico, electr\u00f3nico, de instalaciones frigor\u00edficas, etc., desde una \u00f3ptica integrada.<\/p>\r\n  \t\t<\/div>\r\n\t\t<\/div>\r\n  <\/div>\r\n  <\/div>  \r\n    <div class=\"row\">\r\n    <div class=\"col-sm-6 col-md-6 col-lg-6\">\r\n        <div class=\"media\">\r\n  <div class=\"mr-3 hidden-xs text-center\" style=\"background-color: #006100; color:#ffffff; font-size: 25px; width:70px; height:60px; line-height: 50px; font-weight: 500; float: left; display: block; border:solid #333366 2px \">\r\n                <span>TUOMRE<\/span>\r\n            <\/div>\r\n  <div class=\"media-body\">\r\n    <h5 class=\"mt-0 mb-1\"><a href=\"\/frbb\/sacad\/carreras\/tecnicatura-univ-operacion-y-mantenimiento-de-redes-electricas\/\"><span>Tecnicatura Universitaria Operaci\u00f3n y Mantenimiento de Redes El\u00e9ctricas<\/span><\/a><\/h5>\r\n    <p>La carrera se denomina Tecnicatura Universitaria en Operaci\u00f3n y Mantenimiento de Redes El\u00e9ctricas y otorga el t\u00edtulo de T\u00e9cnico\/a Universitario en Operaci\u00f3n y Mantenimiento de Redes El\u00e9ctricas.<\/p>\r\n  <\/div>\r\n<\/div>\r\n    \r\n    <\/div>\r\n    <div class=\"col-sm-6 col-md-6 col-lg-6\">\r\n      <div class=\"media\">\r\n  <div class=\"mr-3 hidden-xs text-center\" style=\"background-color: #006100; color:#ffffff; font-size: 25px; width:70px; height:60px; line-height: 50px; font-weight: 500; float: left; display: block; border:solid #333366 2px \"> <span>TUR<\/span> <\/div>\r\n  <div class=\"media-body\">\r\n    <h5 class=\"mt-0 mb-1\"><a href=\"TUR\/\"><span>Tecnicatura Universitaria en Radiolog\u00eda<\/span><\/a><\/h5>\r\n    <p>La carrera se denomina Tecnicatura Universitaria en Radiolog\u00eda  y el t\u00edtulo que otorga es el de T\u00e9cnico Universitario\/a en Radiolog\u00eda.<\/p>\r\n  <\/div>\r\n<\/div>          \r\n    <\/div>\r\n  <\/div>\r\n  \r\n  <h4 style=\"line-height:40px\">CARRERAS DE GRADO<\/h4><br>\r\n  <div class=\"row\">\r\n    <div class=\"col-sm-6 col-md-6 col-lg-6\">\r\n        <div class=\"media\">\r\n  <div class=\"mr-3 hidden-xs text-center\" style=\"background-color: #006100; color:#ffffff; font-size: 25px; width:70px; height:60px; line-height: 50px; font-weight: 500; float: left; display: block; border:solid #333366 2px \">\r\n                <span>IC<\/span>\r\n            <\/div>\r\n  <div class=\"media-body\">\r\n    <h5 class=\"mt-0 mb-1\"><a href=\"\/frbb\/sacad\/carreras\/ic\/\"><span>Ingenier\u00eda Civil<\/span><\/a><\/h5>\r\n    <p>Formar profesionales para realizar actividades relacionadas con la vivienda, el transporte, infraestructura, los recursos del agua y la calidad del medio ambiente.<\/p>\r\n  <\/div>\r\n<\/div>\r\n    <\/div>\r\n    <div class=\"col-sm-6 col-md-6 col-lg-6\">\r\n        <div class=\"media\">\r\n  <div class=\"mr-3 hidden-xs text-center\" style=\"background-color: #37474f; color:#22b8f0; font-size: 25px; width:70px; height:60px; line-height: 50px; font-weight: 500; float: left; display: block; border:solid #22b8f0 2px \">\r\n            <span>IE<\/span>\r\n        <\/div>\r\n  <div class=\"media-body\">\r\n    <h5 class=\"mt-0 mb-1\"><a href=\"\/frbb\/sacad\/carreras\/ie\/\"><span>Ingenier\u00eda en Energ\u00eda El\u00e9ctrica<\/span><\/a><\/h5>\r\n    <p>Formar profesionales aptos para cumplir funciones t\u00e9cnicas o de gesti\u00f3n en las \u00e1reas de generaci\u00f3n, transmisi\u00f3n, distribuci\u00f3n y utilizaci\u00f3n de la energ\u00eda el\u00e9ctrica.<\/p>\r\n  <\/div>\r\n<\/div>\r\n    <\/div>\r\n  <\/div>\r\n  <div class=\"row\">\r\n    <div class=\"col-sm-6 col-md-6 col-lg-6\">\r\n<div class=\"media\">\r\n  <div class=\"mr-3 hidden-xs text-center\" style=\"background-color: #A94022; color:#F9F6EF; font-size: 25px; width:70px; height:60px; line-height: 50px; font-weight: 500; float: left; display: block; border:solid #F9F6EF 2px \">\r\n            <span>IEL<\/span>\r\n        <\/div>\r\n  <div class=\"media-body\">\r\n    <h5 class=\"mt-0 mb-1\"><a href=\"\/frbb\/sacad\/carreras\/iel\/\"><span>Ingenier\u00eda Electr\u00f3nica<\/span><\/a><\/h5>\r\n    <p>Formar profesionales para realizar actividades de adaptaci\u00f3n trasferencia e innovaci\u00f3n tecnol\u00f3gica que apoyen en la soluci\u00f3n de problemas del sector industrial y de servicios.<\/p>\r\n  <\/div>\r\n<\/div>\r\n    <\/div>\r\n    <div class=\"col-sm-6 col-md-6 col-lg-6\">\r\n<div class=\"media\">\r\n  <div class=\"mr-3 hidden-xs text-center\" style=\"background-color: #006599; color:#E0E7EB; font-size: 25px; width:70px; height:60px; line-height: 50px; font-weight: 500; float: left; display: block; border:solid #E0E7EB 2px \">\r\n            <span>IM<\/span>\r\n        <\/div>\r\n  <div class=\"media-body\">\r\n    <h5 class=\"mt-0 mb-1\"><a href=\"\/frbb\/sacad\/carreras\/im\/\"><span>Ingenier\u00eda Mec\u00e1nica<\/span><\/a><\/h5>\r\n    <p>Formar profesionales para realizar actividades en los siguientes campos: dise\u00f1o, fabricaci\u00f3n, operaci\u00f3n, mantenimiento, ense\u00f1anza e investigaci\u00f3n<\/p>\r\n  <\/div>\r\n<\/div>\r\n    <\/div>\r\n  <\/div>\r\n  <div class=\"row\">\r\n    <div class=\"col-sm-6 col-md-6 col-lg-6\">\r\n<div class=\"media\">\r\n  <div class=\"mr-3 hidden-xs text-center\" style=\"background-color:rgb(47, 72, 116); color:#FFFFFF; font-size: 25px; width:70px; height:60px; line-height: 50px; font-weight: 500; float: left; display: block; border:solid #990000 2px \">\r\n            <span>LOI<\/span>\r\n        <\/div>\r\n  <div class=\"media-body\">\r\n    <h5 class=\"mt-0 mb-1\"><a href=\"loi\/\"><span>Licenciatura en Org. Industrial<\/span><\/a><\/h5>\r\n    <p>Formar profesionales aptos  que satisfagan el desarrollo de funciones productivas y organizativas en distintas posiciones profesionales dentro de estructuras fabriles, de servicios o como consultor.<\/p>\r\n  <\/div>\r\n<\/div>\r\n    <\/div>\r\n    \r\n  <\/div>\r\n  <h4 style=\"line-height:40px;text-transform: uppercase;\">Ciclos de Complementaci\u00f3n Curricular<\/h4><br>\r\n  <div class=\"row\">    \r\n    <div class=\"col-sm-6 col-md-6 col-lg-6\">\r\n        <div class=\"media\">\r\n  <div class=\"mr-3 hidden-xs text-center\" style=\"background-color: #BCCE0F; color:#555; font-size: 25px; width:70px; height:60px; line-height: 50px; font-weight: 500; float: left; display: block; border:solid #333366 2px \"> <span>LCE<\/span> <\/div>\r\n  <div class=\"media-body\">\r\n    <h5 class=\"mt-0 mb-1\"><a href=\"lce\/\"><span>Licenciatura en Comercio Electr\u00f3nico<\/span><\/a><\/h5>\r\n    <p>Es un Ciclo de Complementaci\u00f3n Curricular que propone brindar una alternativa de formaci\u00f3n de grado a t\u00e9cnicos superiores<\/p>\r\n  <\/div>\r\n<\/div>           \r\n    <\/div> \r\n    <div class=\"col-sm-6 col-md-6 col-lg-6\">\r\n      <div class=\"media\">\r\n  <div class=\"mr-3 hidden-xs text-center\" style=\"background-color: #006100; color:#ffffff; font-size: 25px; width:70px; height:60px; line-height: 50px; font-weight: 500; float: left; display: block; border:solid #333366 2px \"> <span>LPB<\/span> <\/div>\r\n  <div class=\"media-body\">\r\n    <h5 class=\"mt-0 mb-1\"><a href=\"lpb\/\"><span>Licenciatura en producci\u00f3n de Bioim\u00e1genes<\/span><\/a><\/h5>\r\n    <p>Es un Ciclo de Complementaci\u00f3n Curricular. Capacita a los T\u00e9cnicos Radi\u00f3logos y los transforma en profesionales expertos en la aplicaci\u00f3n cl\u00ednica de las tecnolog\u00edas involucradas en el diagn\u00f3stico por im\u00e1genes.<\/p>\r\n  <\/div>\r\n<\/div>          \r\n    <\/div>\r\n  <\/div>\r\n  <div class=\"row\">    \r\n    <div class=\"col-sm-6 col-md-6 col-lg-6\">\r\n        <div class=\"media\">\r\n  <div class=\"mr-3 hidden-xs text-center\" style=\"background-color: #fff; color:#555; font-size: 25px; width:70px; height:60px; line-height: 50px; font-weight: 500; float: left; display: block; border:solid #BCCE0F 2px \"> <span>LEM<\/span> <\/div>\r\n  <div class=\"media-body\">\r\n    <h5 class=\"mt-0 mb-1\"><a href=\"lem\/\"><span>Licenciatura en Ense\u00f1anza de la Matem\u00e1tica <\/span><\/a><\/h5>\r\n    <p>Es un Ciclo de Complementaci\u00f3n Curricular propone cumplimentar el logro de una carrera de grado para los egresados de los profesorados y t\u00e9cnicos con formaci\u00f3n docente.<\/p>\r\n  <\/div>\r\n<\/div>           \r\n    <\/div>\r\n    <div class=\"col-sm-6 col-md-6 col-lg-6\">\r\n<div class=\"media\">\r\n  <div class=\"mr-3 hidden-xs text-center\" style=\"background-color: #fff; color:#555; font-size: 25px; width:70px; height:60px; line-height: 50px; font-weight: 500; float: left; display: block; border:solid #BCCE0F 2px \"> <span>LOG<\/span> <\/div>\r\n  <div class=\"media-body\">\r\n    <h5 class=\"mt-0 mb-1\"><a href=\"log\/\"><span>Licenciatura en Log\u00edstica <\/span><\/a><\/h5>\r\n    <p>Es un Ciclo de Complementaci\u00f3n Curricular que prepara a los futuros profesionales en lo concerniente a la administraci\u00f3n estrat\u00e9gica del flujo y almacenamiento de las distintas materias primas y productos.<\/p>\r\n  <\/div>\r\n<\/div>           \r\n    <\/div>\r\n  <\/div>\r\n  <h4 style=\"line-height:40px\">POSGRADOS<\/h4><br>\r\n  <div class=\"row\">\r\n    <div class=\"col-sm-6 col-md-6 col-lg-6\">\r\n<div class=\"media\">\r\n  <div class=\"mr-3 hidden-xs text-center\" style=\"background-color: #006100; color:#ffffff; font-size: 25px; width:70px; height:60px; line-height: 50px; font-weight: 500; float: left; display: block; border:solid #333366 2px \">\r\n            <span>MAN<\/span>\r\n        <\/div>\r\n  <div class=\"media-body\">\r\n    <h5 class=\"mt-0 mb-1\"><a href=\"man-eig\/\"><span>Maestr\u00eda en Administraci\u00f3n de Negocios  <\/span><\/a><\/h5>\r\n    <p>Forma posgraduados capacitados para tener una visi\u00f3n integrada y un enfoque sist\u00e9mico de los problemas de la gesti\u00f3n empresarial en un mercado globalizado y con gran innovaci\u00f3n tecnol\u00f3gica.<\/p>\r\n  <\/div>\r\n<\/div>\r\n    <\/div>\r\n    <div class=\"col-sm-6 col-md-6 col-lg-6\">\r\n<div class=\"media\">\r\n  <div class=\"mr-3 hidden-xs text-center\" style=\"background-color: #37474f; color:#22b8f0; font-size: 25px; width:70px; height:60px; line-height: 50px; font-weight: 500; float: left; display: block; border:solid #22b8f0 2px \">\r\n            <span>MIA<\/span>\r\n        <\/div>\r\n  <div class=\"media-body\">\r\n    <h5 class=\"mt-0 mb-1\"><a href=\"mia-eia\/\"><span>Maestr\u00eda en Ingenier\u00eda Ambiental <\/span><\/a><\/h5>\r\n    <p>Forma posgraduados  capacitados para focalizar y profundizar los conocimientos referidos a la evaluaci\u00f3n y la gesti\u00f3n de los riesgos ambientales en \u00e1mbitos privados y p\u00fablicos.<\/p>\r\n  <\/div>\r\n<\/div>\r\n    <\/div>\r\n  <\/div>\r\n  <div class=\"row\">\r\n    <div class=\"col-sm-6 col-md-6 col-lg-6\">\r\n<div class=\"media\">\r\n  <div class=\"mr-3 hidden-xs text-center\" style=\"background-color: #006100; color:#ffffff; font-size: 25px; width:70px; height:60px; line-height: 50px; font-weight: 500; float: left; display: block; border:solid #333366 2px \">\r\n            <span>EIG<\/span>\r\n        <\/div>\r\n  <div class=\"media-body\">\r\n    <h5 class=\"mt-0 mb-1\"><a href=\"man-eig\/\"><span>Especializaci\u00f3n en Ingenier\u00eda Gerencial<\/span><\/a><\/h5>\r\n    <p>Forma profesionales capacitados para tener una visi\u00f3n integrada y un enfoque sist\u00e9mico de los problemas de la gesti\u00f3n empresarial en un mercado globalizado y con gran innovaci\u00f3n tecnol\u00f3gica.<\/p>\r\n  <\/div>\r\n<\/div>\r\n    <\/div>\r\n  <div class=\"col-sm-6 col-md-6 col-lg-6\">\r\n<div class=\"media\">\r\n  <div class=\"mr-3 hidden-xs text-center\" style=\"background-color: #37474f; color:#22b8f0; font-size: 25px; width:70px; height:60px; line-height: 50px; font-weight: 500; float: left; display: block; border:solid #22b8f0 2px \">\r\n            <span>EIA<\/span>\r\n        <\/div>\r\n  <div class=\"media-body\">\r\n    <h5 class=\"mt-0 mb-1\"><a href=\"mia-eia\/\"><span> Especializaci\u00f3n en Ingenier\u00eda Ambiental<\/span><\/a><\/h5>\r\n    <p>Forma profesionales capacitados para focalizar y profundizar los conocimientos referidos a la evaluaci\u00f3n y la gesti\u00f3n de los riesgos ambientales en \u00e1mbitos privados y p\u00fablicos.<\/p>\r\n  <\/div>\r\n<\/div>\r\n    <\/div>\r\n  <\/div>    \r\n  <div class=\"row\" style=\"display:none\">\r\n    <div class=\"col-sm-6 col-md-6 col-lg-6\">\r\n<div class=\"media\">\r\n  <div class=\"mr-3 hidden-xs text-center\" style=\"background-color: #990000; color:#ffffff; font-size: 25px; width:70px; height:60px; line-height: 50px; font-weight: 500; float: left; display: block; border:solid rgb(47, 72, 116) 2px \">\r\n          <span>HST<\/span>\r\n      <\/div>\r\n  <div class=\"media-body\">\r\n    <h5 class=\"mt-0 mb-1\"><a href=\"ehst\/\"><span>Especializaci\u00f3n en Higiene y Seguridad en el Trabajo<\/span><\/a><\/h5>\r\n    <p>Forma profesionales comprometidos con la seguridad y el medio ambiente, dando soluciones a las necesidades de las empresas dentro de un marco de profesionalismo, calidad, \u00e9tica y comprensi\u00f3n de las limitaciones propias de las empresas<\/p>\r\n  <\/div>\r\n<\/div>\r\n  <\/div>\r\n  <\/div>\r\n<h4 style=\"line-height:40px\">CARRERAS GESTIONADAS EN CONSORCIO<\/h4><br>\r\n  <div class=\"row\">\r\n    <div class=\"col-sm-6 col-md-6 col-lg-6\">\r\n        <div class=\"media\">\r\n  <div class=\"mr-3 hidden-xs text-center\" style=\"background-color: #006100; color:#ffffff; font-size: 25px; width:70px; height:60px; line-height: 50px; font-weight: 500; float: left; display: block; border:solid #333366 2px \">\r\n                <span>EGL<\/span>\r\n            <\/div>\r\n  <div class=\"media-body\">\r\n    <h5 class=\"mt-0 mb-1\"><a href=\"\/frbb\/sacad\/carreras\/egl\/\"><span>Especializaci\u00f3n en Gesti\u00f3n Log\u00edstica Integral de la Cadena de Suministros<\/span><\/a><\/h5>\r\n    <p>Complementar la formaci\u00f3n de profesionales para el planeamiento, la ejecuci\u00f3n y la mejora de procesos operacionales de log\u00edstica en cadenas de suministros de cualquier sector de la producci\u00f3n o los servicios, gestionando con herramientas digitales, metodolog\u00edas adecuadas, y con perspectiva preventiva, el riesgo inherente o potencial de dichas actividades.<\/p>\r\n  <\/div>\r\n<\/div>\r\n    <\/div>\r\n\t\t\r\n\t\t\r\n\t\t\t<\/div>\t\t<\/div>\n\t\t\t\t<\/div>\n\t\t\t\t\t<\/div>\n\t\t<\/div>\n\t\t\t\t\t<\/div>\n\t\t<\/section>\n\t\t\t\t<\/div>\n\t\t","protected":false},"excerpt":{"rendered":"<p>Carreras de esta Facultad En el marco de las restricciones de presencialidad debido a la emergencia sanitaria por COVID-19 la cohorte 2020 se ha adaptado al dictado de los seminarios a la modalidad virtual, hasta que se restablezca y autorice la presencialidadEn Virtud a esta modalidad, la Comisi\u00f3n Nacional de Evaluaci\u00f3n y Acreditaci\u00f3n Universitaria a &hellip;<\/p>\n<p class=\"read-more\"> <a class=\"\" href=\"https:\/\/www.frbb.utn.edu.ar\/frbb\/sacad\/carreras\/\"> <span class=\"screen-reader-text\">Carreras<\/span> Leer m\u00e1s &raquo;<\/a><\/p>\n","protected":false},"author":3,"featured_media":0,"parent":571,"menu_order":0,"comment_status":"closed","ping_status":"closed","template":"","meta":{"site-sidebar-layout":"default","site-content-layout":"","ast-site-content-layout":"","site-content-style":"default","site-sidebar-style":"default","ast-global-header-display":"","ast-banner-title-visibility":"","ast-main-header-display":"","ast-hfb-above-header-display":"","ast-hfb-below-header-display":"","ast-hfb-mobile-header-display":"","site-post-title":"disabled","ast-breadcrumbs-content":"","ast-featured-img":"","footer-sml-layout":"","theme-transparent-header-meta":"","adv-header-id-meta":"","stick-header-meta":"","header-above-stick-meta":"","header-main-stick-meta":"","header-below-stick-meta":"","astra-migrate-meta-layouts":"","ast-page-background-enabled":"default","ast-page-background-meta":{"desktop":{"background-color":"","background-image":"","background-repeat":"repeat","background-position":"center center","background-size":"auto","background-attachment":"scroll","background-type":"","background-media":"","overlay-type":"","overlay-color":"","overlay-gradient":""},"tablet":{"background-color":"","background-image":"","background-repeat":"repeat","background-position":"center center","background-size":"auto","background-attachment":"scroll","background-type":"","background-media":"","overlay-type":"","overlay-color":"","overlay-gradient":""},"mobile":{"background-color":"","background-image":"","background-repeat":"repeat","background-position":"center center","background-size":"auto","background-attachment":"scroll","background-type":"","background-media":"","overlay-type":"","overlay-color":"","overlay-gradient":""}},"ast-content-background-meta":{"desktop":{"background-color":"var(--ast-global-color-5)","background-image":"","background-repeat":"repeat","background-position":"center center","background-size":"auto","background-attachment":"scroll","background-type":"","background-media":"","overlay-type":"","overlay-color":"","overlay-gradient":""},"tablet":{"background-color":"var(--ast-global-color-5)","background-image":"","background-repeat":"repeat","background-position":"center center","background-size":"auto","background-attachment":"scroll","background-type":"","background-media":"","overlay-type":"","overlay-color":"","overlay-gradient":""},"mobile":{"background-color":"var(--ast-global-color-5)","background-image":"","background-repeat":"repeat","background-position":"center center","background-size":"auto","background-attachment":"scroll","background-type":"","background-media":"","overlay-type":"","overlay-color":"","overlay-gradient":""}},"footnotes":""},"class_list":["post-14284","page","type-page","status-publish","hentry"],"_links":{"self":[{"href":"https:\/\/www.frbb.utn.edu.ar\/frbb\/wp-json\/wp\/v2\/pages\/14284"}],"collection":[{"href":"https:\/\/www.frbb.utn.edu.ar\/frbb\/wp-json\/wp\/v2\/pages"}],"about":[{"href":"https:\/\/www.frbb.utn.edu.ar\/frbb\/wp-json\/wp\/v2\/types\/page"}],"author":[{"embeddable":true,"href":"https:\/\/www.frbb.utn.edu.ar\/frbb\/wp-json\/wp\/v2\/users\/3"}],"replies":[{"embeddable":true,"href":"https:\/\/www.frbb.utn.edu.ar\/frbb\/wp-json\/wp\/v2\/comments?post=14284"}],"version-history":[{"count":3,"href":"https:\/\/www.frbb.utn.edu.ar\/frbb\/wp-json\/wp\/v2\/pages\/14284\/revisions"}],"predecessor-version":[{"id":33028,"href":"https:\/\/www.frbb.utn.edu.ar\/frbb\/wp-json\/wp\/v2\/pages\/14284\/revisions\/33028"}],"up":[{"embeddable":true,"href":"https:\/\/www.frbb.utn.edu.ar\/frbb\/wp-json\/wp\/v2\/pages\/571"}],"wp:attachment":[{"href":"https:\/\/www.frbb.utn.edu.ar\/frbb\/wp-json\/wp\/v2\/media?parent=14284"}],"curies":[{"name":"wp","href":"https:\/\/api.w.org\/{rel}","templated":true}]}}