{"id":24774,"date":"2024-10-28T19:15:30","date_gmt":"2024-10-28T22:15:30","guid":{"rendered":"https:\/\/www.frbb.utn.edu.ar\/frbb\/?page_id=24774"},"modified":"2025-10-29T18:42:59","modified_gmt":"2025-10-29T21:42:59","slug":"grupos-investigacion","status":"publish","type":"page","link":"https:\/\/www.frbb.utn.edu.ar\/frbb\/scyt\/grupos-investigacion\/","title":{"rendered":"Grupos Investigaci\u00f3n"},"content":{"rendered":"\t\t<div data-elementor-type=\"wp-page\" data-elementor-id=\"24774\" class=\"elementor elementor-24774\">\n\t\t\t\t\t\t<section class=\"elementor-section elementor-top-section elementor-element elementor-element-cf41af8 elementor-section-boxed elementor-section-height-default elementor-section-height-default\" data-id=\"cf41af8\" data-element_type=\"section\">\n\t\t\t\t\t\t<div class=\"elementor-container elementor-column-gap-default\">\n\t\t\t\t\t<div class=\"elementor-column elementor-col-100 elementor-top-column elementor-element elementor-element-5c5ffde\" data-id=\"5c5ffde\" data-element_type=\"column\">\n\t\t\t<div class=\"elementor-widget-wrap elementor-element-populated\">\n\t\t\t\t\t\t<div class=\"elementor-element elementor-element-edb88f2 elementor-widget elementor-widget-html\" data-id=\"edb88f2\" data-element_type=\"widget\" data-widget_type=\"html.default\">\n\t\t\t\t<div class=\"elementor-widget-container\">\n\t\t\t<div class=\"entry-header\">\r\n  <h3 itemprop=\"name\"> SCyT - Grupos de Investigaci\u00f3n\r\n    <div class=\"divider\"><\/div>\r\n  <\/h3>\r\n  <\/div>\r\n\r\n  <div class=\"clearfix\" style=\"padding-bottom: 20px;\"><\/div>\r\n<div class=\"row\">\r\n    <div class=\"col-xs-12 col-sm-6 col-md-4 col-lg-4\">\r\n        <div class=\"z-depth-1 borde-img\" style=\" padding-bottom:12px; padding-top:15px; padding-left:15px; padding-right:15px; background-color:#FFF;\">\r\n            <div class=\"media\">\r\n              <div class=\"media-left\">\r\n                <i style=\"padding-right:5px;\" class=\"media-object fa fa-square c5\"><\/i>\r\n              <\/div>\r\n              <div class=\"media-body\">\r\n              <!--equivale a h4 de bootstrap -->\r\n                <h4 class=\"media-heading\" style=\"font-weight:600;font-size:18px\"><a href=\"cimta\/\">CIMTA Centro de Investigacion en Mec\u00e1nica Te\u00f3rica y Aplicada<\/a><\/h4>\r\n                Director: Dr. V\u00edctor Hugo CORTINEZ\r\n              <\/div>\r\n            <\/div>\r\n        <\/div>\r\n        <div class=\"clearfix\" style=\"padding-bottom: 20px;\"><\/div>\t\r\n    <\/div>\r\n    <div class=\"col-xs-12 col-sm-6 col-md-4 col-lg-4\">\r\n        <div class=\"z-depth-1 borde-img\" style=\" padding-bottom:12px; padding-top:15px; padding-left:15px; padding-right:15px; background-color:#FFF;\">\r\n            <div class=\"media\">\r\n              <div class=\"media-left\">\r\n                <i style=\"padding-right:5px;\" class=\"media-object fa fa-square c5\"><\/i>\r\n              <\/div>\r\n              <div class=\"media-body\">\r\n                <h4 class=\"media-heading\" style=\"font-weight:600;font-size:18px\"><a href=\"geaqb\/\">GEAQB Grupo de Estudio Ambiente Qu\u00edmica y Biolog\u00eda<\/a><\/h4>\r\n                Directora: Patricia BENEDETTI\r\n              <\/div>\r\n            <\/div>\r\n        <\/div>\r\n        <div class=\"clearfix\" style=\"padding-bottom: 20px;\"><\/div>\t    \r\n    <\/div>\r\n    <div class=\"col-xs-12 col-sm-6 col-md-4 col-lg-4\">\r\n        <div class=\"z-depth-1 borde-img\" style=\" padding-bottom:12px; padding-top:15px; padding-left:15px; padding-right:15px; background-color:#FFF;\">\r\n            <div class=\"media\">\r\n              <div class=\"media-left\">\r\n                <i style=\"padding-right:5px;\" class=\"media-object fa fa-square c5\"><\/i>\r\n              <\/div>\r\n              <div class=\"media-body\">\r\n                <h4 class=\"media-heading\" style=\"font-weight:600;font-size:18px\"><a href=\"gemat\/\">GEMAT Grupo de Estudio Sobre Materiales<\/a><\/h4>\r\n                Director: Dr. Piovan, Marcelo Tulio \r\n              <\/div>\r\n            <\/div>\r\n        <\/div>\r\n        <div class=\"clearfix\" style=\"padding-bottom: 20px;\"><\/div>\t\r\n    <\/div>\r\n<\/div>\r\n<div class=\"row\">\r\n  <div class=\"col-xs-12 col-sm-6 col-md-4 col-lg-4\">\r\n      <div class=\"z-depth-1 borde-img\" style=\" padding-bottom:12px; padding-top:15px; padding-left:15px; padding-right:15px; background-color:#FFF;\">\r\n          <div class=\"media\">\r\n            <div class=\"media-left\">\r\n              <i style=\"padding-right:5px;\" class=\"media-object fa fa-square c5\"><\/i>\r\n            <\/div>\r\n            <div class=\"media-body\">\r\n              <h4 class=\"media-heading\" style=\"font-weight:600;font-size:18px\"><a href=\"gimap\/\">GIMAP Grupo de Investigaci\u00f3n en Multif\u00edsica Aplicada<\/a><\/h4>\r\n              Director: Dr. Sebasti\u00e1n MACHADO\r\n            <\/div>\r\n          <\/div>\r\n      <\/div>\r\n      <div class=\"clearfix\" style=\"padding-bottom: 20px;\"><\/div>\t\r\n  <\/div>\r\n  <div class=\"col-xs-12 col-sm-6 col-md-4 col-lg-4\">\r\n      <div class=\"z-depth-1 borde-img\" style=\" padding-bottom:12px; padding-top:15px; padding-left:15px; padding-right:15px; background-color:#FFF;\">\r\n          <div class=\"media\">\r\n            <div class=\"media-left\">\r\n              <i style=\"padding-right:5px;\" class=\"media-object fa fa-square c5\"><\/i>\r\n            <\/div>\r\n            <div class=\"media-body\">\r\n              <h4 class=\"media-heading\" style=\"font-weight:600;font-size:18px\"><a href=\"gese\/\">GESE Grupo de Estudio Sobre Energ\u00eda<\/a><\/h4>\r\n              Director: Horacio Ra\u00fal di PR\u00c1TULA\r\n            <\/div>\r\n          <\/div>\r\n      <\/div>\r\n      <div class=\"clearfix\" style=\"padding-bottom: 20px;\"><\/div>\t    \r\n  <\/div>\r\n  <div class=\"col-xs-12 col-sm-6 col-md-4 col-lg-4\">\r\n      <div class=\"z-depth-1 borde-img\" style=\" padding-bottom:12px; padding-top:15px; padding-left:15px; padding-right:15px; background-color:#FFF;\">\r\n          <div class=\"media\">\r\n            <div class=\"media-left\">\r\n              <i style=\"padding-right:5px;\" class=\"media-object fa fa-square c5\"><\/i>\r\n            <\/div>\r\n            <div class=\"media-body\">\r\n              <h4 class=\"media-heading\" style=\"font-weight:600;font-size:18px\"><a href=\"sitic\/\">SiTIC  Grupo de investigaci\u00f3n de Sistemas y Tecnolog\u00edas de la Informaci\u00f3n y las Comunicaciones<\/a><\/h4>\r\n              Director: Dr Ricardo CAYSSIALS\r\n            <\/div>\r\n          <\/div>\r\n      <\/div>\r\n      <!--<div class=\"clearfix\" style=\"padding-bottom: 20px;\"><\/div>-->\t\r\n  <\/div>\r\n<\/div>  \r\n<div class=\"row\">\r\n  <div class=\"col-xs-12 col-sm-6 col-md-4 col-lg-4\">\r\n      \r\n      <div class=\"z-depth-1 borde-img\" style=\" padding-bottom:12px; padding-top:15px; padding-left:15px; padding-right:15px; background-color:#FFF;\">\r\n            <div class=\"media\">\r\n              <div class=\"media-left\">\r\n                <i style=\"padding-right:5px;\" class=\"media-object fa fa-square c5\"><\/i>\r\n              <\/div>\r\n              <div class=\"media-body\">\r\n                <h4 class=\"media-heading\" style=\"font-weight:600;font-size:18px\"><a href=\"geia\/\">GEIA Grupo de Estudio de Ing. Ambiental<\/a><\/h4>\r\n                Directora: Mg. Ing. Aloma SARTOR\r\n              <\/div>\r\n            <\/div>\r\n        <\/div>\r\n      \r\n      <div style=\"padding-bottom:30px\"><\/div>\r\n  <\/div>\r\n  \r\n  <div class=\"col-xs-12 col-sm-6 col-md-4 col-lg-4\">\r\n      <div class=\"z-depth-1 borde-img\" style=\" padding-bottom:12px; padding-top:15px; padding-left:15px; padding-right:15px; background-color:#FFF;\">\r\n          <div class=\"media\">\r\n            <div class=\"media-left\">\r\n              <i style=\"padding-right:5px;\" class=\"media-object fa fa-square c5\"><\/i>\r\n            <\/div>\r\n            <div class=\"media-body\">\r\n              <h4 class=\"media-heading\" style=\"font-weight:600;font-size:18px\"><a href=\"gdhc\/\">GDHC Grupo de desarrollo de Herramientas Computacionales<\/a><\/h4>\r\n              Director: Dr. Alejandro MOLINA\r\n            <\/div>\r\n          <\/div>\r\n  <\/div>\r\n<\/div>\r\n<div class=\"col-xs-12 col-sm-6 col-md-4 col-lg-4\">\r\n        <div class=\"z-depth-1 borde-img\" style=\" padding-bottom:12px; padding-top:15px; padding-left:15px; padding-right:15px; background-color:#FFF;\">\r\n            <div class=\"media\">\r\n              <div class=\"media-left\">\r\n                <i style=\"padding-right:5px;\" class=\"media-object fa fa-square c5\"><\/i>\r\n              <\/div>\r\n              <div class=\"media-body\">\r\n                <h4 class=\"media-heading\" style=\"font-weight:600;font-size:18px\"><a href=\"sicat\/\">SICAT Grupo de Investigaci\u00f3n de Sistemas Catal\u00edticos<\/a><\/h4>\r\n                Directora: Dra. Ing Sandra SIMONETTI\r\n              <\/div>\r\n            <\/div>\r\n        <\/div>\r\n        <div class=\"clearfix\" style=\"padding-bottom: 20px;\"><\/div>\t\r\n    <\/div>\r\n<\/div>\t\t<\/div>\n\t\t\t\t<\/div>\n\t\t\t\t\t<\/div>\n\t\t<\/div>\n\t\t\t\t\t<\/div>\n\t\t<\/section>\n\t\t\t\t<\/div>\n\t\t","protected":false},"excerpt":{"rendered":"<p>SCyT &#8211; Grupos de Investigaci\u00f3n CIMTA Centro de Investigacion en Mec\u00e1nica Te\u00f3rica y Aplicada Director: Dr. V\u00edctor Hugo CORTINEZ GEAQB Grupo de Estudio Ambiente Qu\u00edmica y Biolog\u00eda Directora: Patricia BENEDETTI GEMAT Grupo de Estudio Sobre Materiales Director: Dr. Piovan, Marcelo Tulio GIMAP Grupo de Investigaci\u00f3n en Multif\u00edsica Aplicada Director: Dr. Sebasti\u00e1n MACHADO GESE Grupo de &hellip;<\/p>\n<p class=\"read-more\"> <a class=\"\" href=\"https:\/\/www.frbb.utn.edu.ar\/frbb\/scyt\/grupos-investigacion\/\"> <span class=\"screen-reader-text\">Grupos Investigaci\u00f3n<\/span> Leer m\u00e1s &raquo;<\/a><\/p>\n","protected":false},"author":3,"featured_media":0,"parent":575,"menu_order":0,"comment_status":"closed","ping_status":"closed","template":"","meta":{"site-sidebar-layout":"no-sidebar","site-content-layout":"page-builder","ast-site-content-layout":"full-width-container","site-content-style":"default","site-sidebar-style":"default","ast-global-header-display":"","ast-banner-title-visibility":"","ast-main-header-display":"","ast-hfb-above-header-display":"","ast-hfb-below-header-display":"","ast-hfb-mobile-header-display":"","site-post-title":"disabled","ast-breadcrumbs-content":"","ast-featured-img":"disabled","footer-sml-layout":"","theme-transparent-header-meta":"","adv-header-id-meta":"","stick-header-meta":"","header-above-stick-meta":"","header-main-stick-meta":"","header-below-stick-meta":"","astra-migrate-meta-layouts":"set","ast-page-background-enabled":"default","ast-page-background-meta":{"desktop":{"background-color":"","background-image":"","background-repeat":"repeat","background-position":"center center","background-size":"auto","background-attachment":"scroll","background-type":"","background-media":"","overlay-type":"","overlay-color":"","overlay-gradient":""},"tablet":{"background-color":"","background-image":"","background-repeat":"repeat","background-position":"center center","background-size":"auto","background-attachment":"scroll","background-type":"","background-media":"","overlay-type":"","overlay-color":"","overlay-gradient":""},"mobile":{"background-color":"","background-image":"","background-repeat":"repeat","background-position":"center center","background-size":"auto","background-attachment":"scroll","background-type":"","background-media":"","overlay-type":"","overlay-color":"","overlay-gradient":""}},"ast-content-background-meta":{"desktop":{"background-color":"var(--ast-global-color-5)","background-image":"","background-repeat":"repeat","background-position":"center center","background-size":"auto","background-attachment":"scroll","background-type":"","background-media":"","overlay-type":"","overlay-color":"","overlay-gradient":""},"tablet":{"background-color":"var(--ast-global-color-5)","background-image":"","background-repeat":"repeat","background-position":"center center","background-size":"auto","background-attachment":"scroll","background-type":"","background-media":"","overlay-type":"","overlay-color":"","overlay-gradient":""},"mobile":{"background-color":"var(--ast-global-color-5)","background-image":"","background-repeat":"repeat","background-position":"center center","background-size":"auto","background-attachment":"scroll","background-type":"","background-media":"","overlay-type":"","overlay-color":"","overlay-gradient":""}},"footnotes":""},"class_list":["post-24774","page","type-page","status-publish","hentry"],"_links":{"self":[{"href":"https:\/\/www.frbb.utn.edu.ar\/frbb\/wp-json\/wp\/v2\/pages\/24774"}],"collection":[{"href":"https:\/\/www.frbb.utn.edu.ar\/frbb\/wp-json\/wp\/v2\/pages"}],"about":[{"href":"https:\/\/www.frbb.utn.edu.ar\/frbb\/wp-json\/wp\/v2\/types\/page"}],"author":[{"embeddable":true,"href":"https:\/\/www.frbb.utn.edu.ar\/frbb\/wp-json\/wp\/v2\/users\/3"}],"replies":[{"embeddable":true,"href":"https:\/\/www.frbb.utn.edu.ar\/frbb\/wp-json\/wp\/v2\/comments?post=24774"}],"version-history":[{"count":0,"href":"https:\/\/www.frbb.utn.edu.ar\/frbb\/wp-json\/wp\/v2\/pages\/24774\/revisions"}],"up":[{"embeddable":true,"href":"https:\/\/www.frbb.utn.edu.ar\/frbb\/wp-json\/wp\/v2\/pages\/575"}],"wp:attachment":[{"href":"https:\/\/www.frbb.utn.edu.ar\/frbb\/wp-json\/wp\/v2\/media?parent=24774"}],"curies":[{"name":"wp","href":"https:\/\/api.w.org\/{rel}","templated":true}]}}