{"id":28238,"date":"2025-07-03T14:39:24","date_gmt":"2025-07-03T17:39:24","guid":{"rendered":"https:\/\/www.frbb.utn.edu.ar\/frbb\/?page_id=28238"},"modified":"2025-09-30T20:15:25","modified_gmt":"2025-09-30T23:15:25","slug":"formularios-y-programas","status":"publish","type":"page","link":"https:\/\/www.frbb.utn.edu.ar\/frbb\/scyt\/proyectos\/formularios-y-programas\/","title":{"rendered":"SCyT \u2013 Formularios y Programas"},"content":{"rendered":"\t\t<div data-elementor-type=\"wp-page\" data-elementor-id=\"28238\" class=\"elementor elementor-28238\">\n\t\t\t\t\t\t<section class=\"elementor-section elementor-top-section elementor-element elementor-element-2f1f0605 elementor-section-boxed elementor-section-height-default elementor-section-height-default\" data-id=\"2f1f0605\" data-element_type=\"section\" data-settings=\"{&quot;background_background&quot;:&quot;gradient&quot;}\">\n\t\t\t\t\t\t\t<div class=\"elementor-background-overlay\"><\/div>\n\t\t\t\t\t\t\t<div class=\"elementor-container elementor-column-gap-default\">\n\t\t\t\t\t<div class=\"elementor-column elementor-col-100 elementor-top-column elementor-element elementor-element-6c5e7dfb\" data-id=\"6c5e7dfb\" data-element_type=\"column\">\n\t\t\t<div class=\"elementor-widget-wrap elementor-element-populated\">\n\t\t\t\t\t\t<div class=\"elementor-element elementor-element-c3d802 elementor-widget elementor-widget-elementskit-heading\" data-id=\"c3d802\" data-element_type=\"widget\" data-widget_type=\"elementskit-heading.default\">\n\t\t\t\t<div class=\"elementor-widget-container\">\n\t\t\t<div class=\"ekit-wid-con\" ><div class=\"ekit-heading elementskit-section-title-wraper text_center   ekit_heading_tablet-   ekit_heading_mobile-text_center\"><h2 class=\"ekit-heading--title elementskit-section-title \">Formularios y <span><span>Programas<\/span><\/span><\/h2><\/div><\/div>\t\t<\/div>\n\t\t\t\t<\/div>\n\t\t\t\t\t<\/div>\n\t\t<\/div>\n\t\t\t\t\t<\/div>\n\t\t<\/section>\n\t\t\t\t<section class=\"elementor-section elementor-top-section elementor-element elementor-element-37014b70 elementor-hidden-desktop elementor-hidden-tablet elementor-hidden-mobile elementor-section-boxed elementor-section-height-default elementor-section-height-default\" data-id=\"37014b70\" data-element_type=\"section\" data-settings=\"{&quot;background_background&quot;:&quot;classic&quot;}\">\n\t\t\t\t\t\t<div class=\"elementor-container elementor-column-gap-default\">\n\t\t\t\t\t<div class=\"elementor-column elementor-col-100 elementor-top-column elementor-element elementor-element-11d91c87\" data-id=\"11d91c87\" data-element_type=\"column\">\n\t\t\t<div class=\"elementor-widget-wrap elementor-element-populated\">\n\t\t\t\t\t\t<section class=\"elementor-section elementor-inner-section elementor-element elementor-element-6641e0c8 elementor-section-boxed elementor-section-height-default elementor-section-height-default\" data-id=\"6641e0c8\" data-element_type=\"section\" data-settings=\"{&quot;background_background&quot;:&quot;classic&quot;}\">\n\t\t\t\t\t\t<div class=\"elementor-container elementor-column-gap-default\">\n\t\t\t\t\t<div class=\"elementor-column elementor-col-100 elementor-inner-column elementor-element elementor-element-3edf9c6a\" data-id=\"3edf9c6a\" data-element_type=\"column\">\n\t\t\t<div class=\"elementor-widget-wrap elementor-element-populated\">\n\t\t\t\t\t\t<div class=\"elementor-element elementor-element-3184338 elementor-widget elementor-widget-text-editor\" data-id=\"3184338\" data-element_type=\"widget\" data-widget_type=\"text-editor.default\">\n\t\t\t\t<div class=\"elementor-widget-container\">\n\t\t\t<style>\/*! elementor - v3.23.0 - 05-08-2024 *\/\n.elementor-widget-text-editor.elementor-drop-cap-view-stacked .elementor-drop-cap{background-color:#69727d;color:#fff}.elementor-widget-text-editor.elementor-drop-cap-view-framed .elementor-drop-cap{color:#69727d;border:3px solid;background-color:transparent}.elementor-widget-text-editor:not(.elementor-drop-cap-view-default) .elementor-drop-cap{margin-top:8px}.elementor-widget-text-editor:not(.elementor-drop-cap-view-default) .elementor-drop-cap-letter{width:1em;height:1em}.elementor-widget-text-editor .elementor-drop-cap{float:left;text-align:center;line-height:1;font-size:50px}.elementor-widget-text-editor .elementor-drop-cap-letter{display:inline-block}<\/style>\t\t\t\t<p style=\"text-align: center;\">Apertura de Convocatoria de Solicitudes de Categorizaci\u00f3n A, B , C y D, E, F, y G 2025 <span lang=\"ES-MX\"><b>ABIERTA HASTA: 25 de agosto de 2025<\/b><\/span><\/p>\t\t\t\t\t\t<\/div>\n\t\t\t\t<\/div>\n\t\t\t\t\t<\/div>\n\t\t<\/div>\n\t\t\t\t\t<\/div>\n\t\t<\/section>\n\t\t\t\t\t<\/div>\n\t\t<\/div>\n\t\t\t\t\t<\/div>\n\t\t<\/section>\n\t\t\t\t<section class=\"elementor-section elementor-top-section elementor-element elementor-element-e0c6ba8 elementor-section-boxed elementor-section-height-default elementor-section-height-default\" data-id=\"e0c6ba8\" data-element_type=\"section\" data-settings=\"{&quot;background_background&quot;:&quot;classic&quot;}\">\n\t\t\t\t\t\t<div class=\"elementor-container elementor-column-gap-default\">\n\t\t\t\t\t<div class=\"elementor-column elementor-col-100 elementor-top-column elementor-element elementor-element-3bb4d91\" data-id=\"3bb4d91\" data-element_type=\"column\">\n\t\t\t<div class=\"elementor-widget-wrap elementor-element-populated\">\n\t\t\t\t\t\t<section class=\"elementor-section elementor-inner-section elementor-element elementor-element-b4f0dad elementor-section-boxed elementor-section-height-default elementor-section-height-default\" data-id=\"b4f0dad\" data-element_type=\"section\">\n\t\t\t\t\t\t<div class=\"elementor-container elementor-column-gap-default\">\n\t\t\t\t\t<div class=\"elementor-column elementor-col-100 elementor-inner-column elementor-element elementor-element-2f4de94\" data-id=\"2f4de94\" data-element_type=\"column\">\n\t\t\t<div class=\"elementor-widget-wrap elementor-element-populated\">\n\t\t\t\t\t\t<div class=\"elementor-element elementor-element-9adb680 elementor-widget elementor-widget-text-editor\" data-id=\"9adb680\" data-element_type=\"widget\" data-widget_type=\"text-editor.default\">\n\t\t\t\t<div class=\"elementor-widget-container\">\n\t\t\t\t\t\t\t<!-- wp:html -->\n<h5>Formularios<\/h5>\n<p>Para agilizar las instancias administrativas facilitando el tr\u00e1mite de homologaci\u00f3n, se recomienda tener en cuenta los siguientes aspectos al completar el PID:<\/p>\n<ul class=\"vi-verde lat-izq\">\n<li>Constatar la categor\u00eda habilitante del Director y Co-director, cuando lo hubiere.<\/li>\n<li>Contar con todas las firmas de avales en el formulario; cuando se trate de un proyecto interfacultad, \u00e9ste deber\u00e1 incluir las hojas de avales de cada Facultad interviniente, con las respectivas firmas de los Decanos y Secretarios de Ciencia y Tecnolog\u00eda. En todos los casos se acompa\u00f1ar\u00e1 la presentaci\u00f3n con las resoluciones de Aval del Consejo Directivo de cada unidad acad\u00e9mica.<\/li>\n<li>Respetar la denominaci\u00f3n de funciones de acuerdo a lo consignado en la Gu\u00eda para el llenado del PID, en la secci\u00f3n de recursos humanos.<\/li>\n<\/ul>\n<div class=\"card text-dark bg-light text-black my-5\" style=\"color: #000;\">\n<div class=\"card-header\" style=\"background-color: #e9f0c3;\">\n<p class=\"card-text\" style=\"margin: 0px;\"><span style=\"font-weight: 600;\">Sugerencia<\/span>: Tener en cuenta que la principal causa de que los evaluadores externos NO aprueben un proyecto es la escasa cantidad de horas semanales que los integrantes, incluido directores, dedican al mismo. Para evitar la solicitud de reformulaci\u00f3n, se aconseja que los directores no asignen menos de 10 horas, si tienen dedicaci\u00f3n simple ni menos de 15 cuando tengan dedicaci\u00f3n exclusiva o semi. Para el caso de los dem\u00e1s integrantes no asignar menos de 8 horas.<\/p>\n<\/div>\n<!--<div class=\"card-body bg-white\">\n  <p class=\"card-text\">Tener en cuenta que la principal causa de que los evaluadores externos NO aprueben un proyecto es la escasa cantidad de horas semanales que los integrantes, incluido directores, dedican al mismo. Para evitar la solicitud de reformulaci\u00f3n, se aconseja que los directores no asignen menos de 10 horas, si tienen dedicaci\u00f3n simple ni menos de 15 cuando tengan dedicaci\u00f3n exclusiva o semi. Para el caso de los dem\u00e1s integrantes no asignar menos de 8 horas.<\/p>\n  <\/div> --><\/div>\n<hr class=\"my-4\" \/>\n<p><i class=\"fa fa-globe\" style=\"color: #9c27b0;\" aria-hidden=\"true\"><\/i> <a style=\"color: #9c27b0; font-weight: 500;\" href=\"https:\/\/sapcyt.utn.edu.ar\/login\">Acceso al sistema de informaci\u00f3n de Ciencia y Tecnolog\u00eda<\/a><\/p>\n<hr class=\"my-4\" \/>\n<h5>Programas<\/h5>\n<p>Listado de los distintos temas elegidos en los proyectos:<\/p>\n<ul class=\"vi-verde lat-izq\">\n<li>Tecnolog\u00eda de Alimentos<\/li>\n<li>Tecnolog\u00eda Educativa y Ense\u00f1anza de la Ingenier\u00eda<\/li>\n<li>Electr\u00f3nica, Inform\u00e1tica y Comunicaciones<\/li>\n<li>Estructuras y Construcciones Civiles<\/li>\n<li>Materiales<\/li>\n<li>Ingenier\u00eda de Productos y Procesos<\/li>\n<li>Energ\u00eda<\/li>\n<li>Transportes y V\u00edas de Comunicaci\u00f3n<\/li>\n<li>Tecnolog\u00edas de las Organizaciones<\/li>\n<li>Ingenier\u00eda Cl\u00ednica y Bioingenier\u00eda<\/li>\n<\/ul>\n<hr class=\"my-4\" \/>\n<h5>Documentos a descargar<\/h5>\n<ul class=\"ml-2 my-3\">\n<li><i class=\"fa fa-file-pdf-o\" style=\"color: #9c27b0;\" aria-hidden=\"true\"><\/i> <a style=\"color: #9c27b0; font-weight: 500;\" href=\"\/frbb\/info\/secretarias\/scyt\/convocatoria\/disp03_apertura_conv_2025.pdf\"> Disposici\u00f3n 0003\/2025<\/a><\/li>\n<li><i class=\"fa fa-file-pdf-o\" style=\"color: #9c27b0;\" aria-hidden=\"true\"><\/i><a style=\"color: #9c27b0; font-weight: 500;\" href=\"\/frbb\/info\/secretarias\/scyt\/convocatoria\/disp02_mod_act_manual_proc_2025.pdf\"> Disposici\u00f3n 0002\/2025<\/a><\/li>\n<\/ul>\n<h5>Instructivos para la carga de proyectos 2025<\/h5>\n<ul class=\"ml-2 my-3\">\n<li><i class=\"fa fa-youtube\" style=\"color: #9c27b0;\" aria-hidden=\"true\"><\/i> <a style=\"color: #9c27b0; font-weight: 500;\" href=\"https:\/\/www.youtube.com\/watch?v=BTkzGV_9_vE\"> Instructivo para Registro en sistema<\/a><\/li>\n<li><i class=\"fa fa-youtube\" style=\"color: #9c27b0;\" aria-hidden=\"true\"><\/i><a style=\"color: #9c27b0; font-weight: 500;\" href=\"https:\/\/www.youtube.com\/watch?v=7ZbWVZWCZoE\"> Instructivo para Registro de datos<\/a><\/li>\n<li><i class=\"fa fa-youtube\" style=\"color: #9c27b0;\" aria-hidden=\"true\"><\/i><a style=\"color: #9c27b0; font-weight: 500;\" href=\"https:\/\/www.youtube.com\/watch?v=LDWgTyaJxJU\"> Gu\u00eda para directores \u2013 parte 1<\/a><\/li>\n<li><i class=\"fa fa-youtube\" style=\"color: #9c27b0;\" aria-hidden=\"true\"><\/i><a style=\"color: #9c27b0; font-weight: 500;\" href=\"https:\/\/www.youtube.com\/watch?v=Tzhx_YiNZPs\"> Gu\u00eda para directores \u2013 parte 2<\/a><\/li>\n<li><i class=\"fa fa-youtube\" style=\"color: #9c27b0;\" aria-hidden=\"true\"><\/i><a style=\"color: #9c27b0; font-weight: 500;\" href=\"https:\/\/www.youtube.com\/watch?v=yxKneGbAeBE\"> Gu\u00eda para directores \u2013 parte 3<\/a><\/li>\n<\/ul>\t\t\t\t\t\t<\/div>\n\t\t\t\t<\/div>\n\t\t\t\t\t<\/div>\n\t\t<\/div>\n\t\t\t\t\t<\/div>\n\t\t<\/section>\n\t\t\t\t\t<\/div>\n\t\t<\/div>\n\t\t\t\t\t<\/div>\n\t\t<\/section>\n\t\t\t\t<\/div>\n\t\t","protected":false},"excerpt":{"rendered":"<p>Formularios y Programas Apertura de Convocatoria de Solicitudes de Categorizaci\u00f3n A, B , C y D, E, F, y G 2025 ABIERTA HASTA: 25 de agosto de 2025 Formularios Para agilizar las instancias administrativas facilitando el tr\u00e1mite de homologaci\u00f3n, se recomienda tener en cuenta los siguientes aspectos al completar el PID: Constatar la categor\u00eda habilitante &hellip;<\/p>\n<p class=\"read-more\"> <a class=\"\" href=\"https:\/\/www.frbb.utn.edu.ar\/frbb\/scyt\/proyectos\/formularios-y-programas\/\"> <span class=\"screen-reader-text\">SCyT \u2013 Formularios y Programas<\/span> Leer m\u00e1s &raquo;<\/a><\/p>\n","protected":false},"author":1,"featured_media":0,"parent":25936,"menu_order":0,"comment_status":"closed","ping_status":"closed","template":"","meta":{"site-sidebar-layout":"no-sidebar","site-content-layout":"page-builder","ast-site-content-layout":"full-width-container","site-content-style":"default","site-sidebar-style":"default","ast-global-header-display":"","ast-banner-title-visibility":"","ast-main-header-display":"","ast-hfb-above-header-display":"","ast-hfb-below-header-display":"","ast-hfb-mobile-header-display":"","site-post-title":"disabled","ast-breadcrumbs-content":"","ast-featured-img":"disabled","footer-sml-layout":"","theme-transparent-header-meta":"","adv-header-id-meta":"","stick-header-meta":"","header-above-stick-meta":"","header-main-stick-meta":"","header-below-stick-meta":"","astra-migrate-meta-layouts":"set","ast-page-background-enabled":"default","ast-page-background-meta":{"desktop":{"background-color":"","background-image":"","background-repeat":"repeat","background-position":"center center","background-size":"auto","background-attachment":"scroll","background-type":"","background-media":"","overlay-type":"","overlay-color":"","overlay-gradient":""},"tablet":{"background-color":"","background-image":"","background-repeat":"repeat","background-position":"center center","background-size":"auto","background-attachment":"scroll","background-type":"","background-media":"","overlay-type":"","overlay-color":"","overlay-gradient":""},"mobile":{"background-color":"","background-image":"","background-repeat":"repeat","background-position":"center center","background-size":"auto","background-attachment":"scroll","background-type":"","background-media":"","overlay-type":"","overlay-color":"","overlay-gradient":""}},"ast-content-background-meta":{"desktop":{"background-color":"var(--ast-global-color-5)","background-image":"","background-repeat":"repeat","background-position":"center center","background-size":"auto","background-attachment":"scroll","background-type":"","background-media":"","overlay-type":"","overlay-color":"","overlay-gradient":""},"tablet":{"background-color":"var(--ast-global-color-5)","background-image":"","background-repeat":"repeat","background-position":"center center","background-size":"auto","background-attachment":"scroll","background-type":"","background-media":"","overlay-type":"","overlay-color":"","overlay-gradient":""},"mobile":{"background-color":"var(--ast-global-color-5)","background-image":"","background-repeat":"repeat","background-position":"center center","background-size":"auto","background-attachment":"scroll","background-type":"","background-media":"","overlay-type":"","overlay-color":"","overlay-gradient":""}},"footnotes":""},"class_list":["post-28238","page","type-page","status-publish","hentry"],"_links":{"self":[{"href":"https:\/\/www.frbb.utn.edu.ar\/frbb\/wp-json\/wp\/v2\/pages\/28238"}],"collection":[{"href":"https:\/\/www.frbb.utn.edu.ar\/frbb\/wp-json\/wp\/v2\/pages"}],"about":[{"href":"https:\/\/www.frbb.utn.edu.ar\/frbb\/wp-json\/wp\/v2\/types\/page"}],"author":[{"embeddable":true,"href":"https:\/\/www.frbb.utn.edu.ar\/frbb\/wp-json\/wp\/v2\/users\/1"}],"replies":[{"embeddable":true,"href":"https:\/\/www.frbb.utn.edu.ar\/frbb\/wp-json\/wp\/v2\/comments?post=28238"}],"version-history":[{"count":0,"href":"https:\/\/www.frbb.utn.edu.ar\/frbb\/wp-json\/wp\/v2\/pages\/28238\/revisions"}],"up":[{"embeddable":true,"href":"https:\/\/www.frbb.utn.edu.ar\/frbb\/wp-json\/wp\/v2\/pages\/25936"}],"wp:attachment":[{"href":"https:\/\/www.frbb.utn.edu.ar\/frbb\/wp-json\/wp\/v2\/media?parent=28238"}],"curies":[{"name":"wp","href":"https:\/\/api.w.org\/{rel}","templated":true}]}}