{"id":7296,"date":"2023-07-13T20:39:22","date_gmt":"2023-07-13T23:39:22","guid":{"rendered":"http:\/\/pc5.frbb.utn.edu.ar\/frbb\/?page_id=7296"},"modified":"2024-06-27T15:51:48","modified_gmt":"2024-06-27T18:51:48","slug":"registro-de-aspirantes","status":"publish","type":"page","link":"https:\/\/www.frbb.utn.edu.ar\/frbb\/registro-de-aspirantes\/","title":{"rendered":"Registro de Aspirantes"},"content":{"rendered":"\t\t<div data-elementor-type=\"wp-page\" data-elementor-id=\"7296\" class=\"elementor elementor-7296\">\n\t\t\t\t\t\t<section class=\"elementor-section elementor-top-section elementor-element elementor-element-8e17751 elementor-section-boxed elementor-section-height-default elementor-section-height-default\" data-id=\"8e17751\" data-element_type=\"section\">\n\t\t\t\t\t\t<div class=\"elementor-container elementor-column-gap-default\">\n\t\t\t\t\t<div class=\"elementor-column elementor-col-50 elementor-top-column elementor-element elementor-element-e40c64b\" data-id=\"e40c64b\" data-element_type=\"column\">\n\t\t\t<div class=\"elementor-widget-wrap elementor-element-populated\">\n\t\t\t\t\t\t<div class=\"elementor-element elementor-element-24148c8 elementor-grid-eael-col-2 elementor-grid-tablet-eael-col-2 elementor-grid-mobile-eael-col-1 elementor-widget elementor-widget-eael-post-grid\" data-id=\"24148c8\" data-element_type=\"widget\" data-settings=\"{&quot;eael_post_grid_columns&quot;:&quot;eael-col-2&quot;,&quot;eael_post_grid_columns_tablet&quot;:&quot;eael-col-2&quot;,&quot;eael_post_grid_columns_mobile&quot;:&quot;eael-col-1&quot;}\" data-widget_type=\"eael-post-grid.default\">\n\t\t\t\t<div class=\"elementor-widget-container\">\n\t\t\t<div id=\"eael-post-grid-24148c8\" class=\"eael-post-grid-container\">\n            <div class=\"eael-post-grid eael-post-appender eael-post-appender-24148c8 eael-post-grid-style-two\" data-layout-mode=\"grid\"><article class=\"eael-grid-post eael-post-grid-column\" data-id=\"13527\">\n        <div class=\"eael-grid-post-holder\">\n            <div class=\"eael-grid-post-holder-inner\"><div class=\"eael-entry-wrapper\"><header class=\"eael-entry-header\"><h2 class=\"eael-entry-title\"><a\n                                    class=\"eael-grid-post-link\"\n                                    href=\"https:\/\/www.frbb.utn.edu.ar\/frbb\/registro-de-aspirantes\/tecnologia-del-calor-atp-1-int-dim\/\"\n                                    title=\"Tecnolog\u00eda del Calor \u2013 ATP 1\u00b0 Int. \u2013 DIM\">Tecnolog\u00eda del Calor \u2013 ATP 1\u00b0 Int. \u2013 DIM<\/a><\/h2><\/header><div class=\"eael-entry-content\">\n                                    <div class=\"eael-grid-post-excerpt\"><p>Se comunica que en la Facultad Regional Bah\u00eda Blanca de...<\/p><\/div>\n                                <\/div><div class=\"eael-entry-header-after style-two\"><div class=\"eael-entry-meta\"><span class=\"eael-meta-posted-on\"><i class=\"far fa-clock\"><\/i><time datetime=\"16 abril, 2026\">16 abril, 2026<\/time><\/span><\/div><\/div><\/div><\/div>\n        <\/div>\n    <\/article><\/div>\n            <div class=\"clearfix\"><\/div>\n        <\/div>\t\t<\/div>\n\t\t\t\t<\/div>\n\t\t\t\t\t<\/div>\n\t\t<\/div>\n\t\t\t\t<div class=\"elementor-column elementor-col-50 elementor-top-column elementor-element elementor-element-d770872\" data-id=\"d770872\" data-element_type=\"column\">\n\t\t\t<div class=\"elementor-widget-wrap elementor-element-populated\">\n\t\t\t\t\t\t<div class=\"elementor-element elementor-element-00c63e1 elementor-widget elementor-widget-html\" data-id=\"00c63e1\" data-element_type=\"widget\" data-widget_type=\"html.default\">\n\t\t\t\t<div class=\"elementor-widget-container\">\n\t\t\t<div id=\"sp-right\" ><div class=\"sp-column class2\">\t\t<div class=\"moduletable\">\r\n\t\t\t\t\t\t\r\n\r\n<div class=\"custom\">\r\n\t<style type=\"text\/css\">\r\n<!--\r\n\r\n.menu h4 {\r\n\tmargin-top: 0;\r\n\tfont-weight:700;\r\n\tmargin-bottom:20px;\r\n}\r\n\r\n.menu h4 span{\r\n\tmargin-right:10px;\r\n}\r\n\r\n.menu p {\r\n\tfont-size: 14px;\r\n\ttext-transform: uppercase;\r\n\tcolor: rgba(156, 39, 176, 1);\r\n\ttext-align: left;\r\n\tmargin: 0;\r\n\tfont-weight: 700;\r\n}\r\n\r\n.menu ul {\r\n    list-style-type: disc;\r\n\tpadding-left: 12px;\r\n}\r\n\r\n.menu ul > li {\r\n\tdisplay: block;\r\n\tborder-bottom: 1px solid #e8e8e8;\r\n\tmargin-bottom:3px;\r\n\tmargin-top:3px;\r\n\t-webkit-transition: 300ms;\r\n\ttransition: 300ms;\r\n}\r\n\r\n.menu ul > li > a {\r\n    \/*display: block;*\/\r\n\/*    padding-top: 4px;\r\n\tpadding-bottom: 4px;*\/\r\n\tcolor:#333333;\r\n\tline-height: 10px;\r\n\t\/*padding: 10px 0;*\/\r\n\t-webkit-transition: 300ms;\r\n\ttransition: 300ms;\r\n\tfont-size: 14px;\r\n\tfont-weight: 500;\r\n}\r\n\r\n.menu ul > li > a:hover {\r\n\ttext-decoration: underline;\r\n\tcolor:#000000;\t\r\n}\r\n\r\n.sp-module ul > li > a::before {\r\n\/*    font-family: FontAwesome;\r\n    content: \"\\f105\";\r\n    margin-right: 8px;*\/\r\n}\r\n\r\n<\/style>\r\n<div class=\"menu\">\r\n<p><span><i class=\"fa fa-file-text-o\"><\/i><\/span> Postulantes<\/p>\r\n\t<ul>\r\n\t\t<li class=\"item-476\"><a href=\"\/frbb\/registro-de-aspirantes\/postulantes-a-registros-de-aspirantes\/\"> <span style=\" font-weight:700\">Resultado de Registros<\/span> <\/a><\/li>\r\n        \r\n\t<\/ul>\r\n\t<p><span><i class=\"fa fa-file-text-o\"><\/i><\/span> normativa<\/p>\r\n\t<ul>\r\n\t\t<li class=\"item-476\"><a href=\"\/frbb\/info\/secretarias\/academica\/docentes\/registro_aspirantes\/normativa\/322.pdf\"> Resoluci\u00f3n 322 - Designaci\u00f3n Interinos <\/a><\/li>\r\n        <li class=\"item-477\"><a href=\"\/frbb\/info\/secretarias\/academica\/docentes\/registro_aspirantes\/normativa\/ord-1342-ayudante-de-segunda.pdf\"> Ordenanza 1342 - Ayudante Segunda<\/a><\/li>\r\n\t<\/ul>\r\n    <div style=\"padding-bottom:15px\"><\/div>\r\n  <p><span><i class=\"fa fa-file-text-o\"><\/i><\/span> formularios<\/p>\r\n    <ul>\r\n        <li class=\"item-479\"><a href=\"\/frbb\/info\/secretarias\/academica\/docentes\/registro_aspirantes\/normativa\/nota-tipo-inscribirse-registros.pdf\"> Nota Solicitud de Inscripci\u00f3n Registros<\/a><\/li>\r\n    <\/ul>\r\n<\/div><\/div>\r\n\t\t<\/div>\r\n\t<\/div><\/div>\t\t<\/div>\n\t\t\t\t<\/div>\n\t\t\t\t\t<\/div>\n\t\t<\/div>\n\t\t\t\t\t<\/div>\n\t\t<\/section>\n\t\t\t\t<section class=\"elementor-section elementor-top-section elementor-element elementor-element-85154f7 elementor-section-boxed elementor-section-height-default elementor-section-height-default\" data-id=\"85154f7\" data-element_type=\"section\">\n\t\t\t\t\t\t<div class=\"elementor-container elementor-column-gap-default\">\n\t\t\t\t\t<div class=\"elementor-column elementor-col-100 elementor-top-column elementor-element elementor-element-6beffa0\" data-id=\"6beffa0\" data-element_type=\"column\">\n\t\t\t<div class=\"elementor-widget-wrap\">\n\t\t\t\t\t\t\t<\/div>\n\t\t<\/div>\n\t\t\t\t\t<\/div>\n\t\t<\/section>\n\t\t\t\t<\/div>\n\t\t","protected":false},"excerpt":{"rendered":"<p>An\u00e1lisis de Se\u00f1ales y Sistemas &#8211; PA &#8211; Dpto Ing. Elec. Se comunica que en la Facultad Regional Bah\u00eda Blanca de&#8230; 27 junio, 2024 Postulantes Resultado de Registros normativa Resoluci\u00f3n 322 &#8211; Designaci\u00f3n Interinos Ordenanza 1342 &#8211; Ayudante Segunda formularios Nota Solicitud de Inscripci\u00f3n Registros<\/p>\n","protected":false},"author":3,"featured_media":0,"parent":0,"menu_order":0,"comment_status":"closed","ping_status":"closed","template":"elementor_header_footer","meta":{"site-sidebar-layout":"no-sidebar","site-content-layout":"page-builder","ast-site-content-layout":"","site-content-style":"default","site-sidebar-style":"default","ast-global-header-display":"","ast-banner-title-visibility":"","ast-main-header-display":"","ast-hfb-above-header-display":"","ast-hfb-below-header-display":"","ast-hfb-mobile-header-display":"","site-post-title":"disabled","ast-breadcrumbs-content":"","ast-featured-img":"disabled","footer-sml-layout":"","theme-transparent-header-meta":"","adv-header-id-meta":"","stick-header-meta":"","header-above-stick-meta":"","header-main-stick-meta":"","header-below-stick-meta":"","astra-migrate-meta-layouts":"","ast-page-background-enabled":"default","ast-page-background-meta":{"desktop":{"background-color":"","background-image":"","background-repeat":"repeat","background-position":"center center","background-size":"auto","background-attachment":"scroll","background-type":"","background-media":"","overlay-type":"","overlay-color":"","overlay-gradient":""},"tablet":{"background-color":"","background-image":"","background-repeat":"repeat","background-position":"center center","background-size":"auto","background-attachment":"scroll","background-type":"","background-media":"","overlay-type":"","overlay-color":"","overlay-gradient":""},"mobile":{"background-color":"","background-image":"","background-repeat":"repeat","background-position":"center center","background-size":"auto","background-attachment":"scroll","background-type":"","background-media":"","overlay-type":"","overlay-color":"","overlay-gradient":""}},"ast-content-background-meta":{"desktop":{"background-color":"var(--ast-global-color-5)","background-image":"","background-repeat":"repeat","background-position":"center center","background-size":"auto","background-attachment":"scroll","background-type":"","background-media":"","overlay-type":"","overlay-color":"","overlay-gradient":""},"tablet":{"background-color":"var(--ast-global-color-5)","background-image":"","background-repeat":"repeat","background-position":"center center","background-size":"auto","background-attachment":"scroll","background-type":"","background-media":"","overlay-type":"","overlay-color":"","overlay-gradient":""},"mobile":{"background-color":"var(--ast-global-color-5)","background-image":"","background-repeat":"repeat","background-position":"center center","background-size":"auto","background-attachment":"scroll","background-type":"","background-media":"","overlay-type":"","overlay-color":"","overlay-gradient":""}},"footnotes":""},"class_list":["post-7296","page","type-page","status-publish","hentry"],"_links":{"self":[{"href":"https:\/\/www.frbb.utn.edu.ar\/frbb\/wp-json\/wp\/v2\/pages\/7296"}],"collection":[{"href":"https:\/\/www.frbb.utn.edu.ar\/frbb\/wp-json\/wp\/v2\/pages"}],"about":[{"href":"https:\/\/www.frbb.utn.edu.ar\/frbb\/wp-json\/wp\/v2\/types\/page"}],"author":[{"embeddable":true,"href":"https:\/\/www.frbb.utn.edu.ar\/frbb\/wp-json\/wp\/v2\/users\/3"}],"replies":[{"embeddable":true,"href":"https:\/\/www.frbb.utn.edu.ar\/frbb\/wp-json\/wp\/v2\/comments?post=7296"}],"version-history":[{"count":0,"href":"https:\/\/www.frbb.utn.edu.ar\/frbb\/wp-json\/wp\/v2\/pages\/7296\/revisions"}],"wp:attachment":[{"href":"https:\/\/www.frbb.utn.edu.ar\/frbb\/wp-json\/wp\/v2\/media?parent=7296"}],"curies":[{"name":"wp","href":"https:\/\/api.w.org\/{rel}","templated":true}]}}