{"id":8305,"date":"2023-08-22T18:40:15","date_gmt":"2023-08-22T21:40:15","guid":{"rendered":"http:\/\/pc5.frbb.utn.edu.ar\/frbb\/?page_id=8305"},"modified":"2024-06-05T17:54:07","modified_gmt":"2024-06-05T20:54:07","slug":"postulantes-a-registros-de-aspirantes","status":"publish","type":"page","link":"https:\/\/www.frbb.utn.edu.ar\/frbb\/registro-de-aspirantes\/postulantes-a-registros-de-aspirantes\/","title":{"rendered":"Postulantes a registros de Aspirantes"},"content":{"rendered":"\t\t<div data-elementor-type=\"wp-page\" data-elementor-id=\"8305\" class=\"elementor elementor-8305\">\n\t\t\t\t\t\t<section class=\"elementor-section elementor-top-section elementor-element elementor-element-8e17751 elementor-section-boxed elementor-section-height-default elementor-section-height-default\" data-id=\"8e17751\" data-element_type=\"section\">\n\t\t\t\t\t\t<div class=\"elementor-container elementor-column-gap-default\">\n\t\t\t\t\t<div class=\"elementor-column elementor-col-50 elementor-top-column elementor-element elementor-element-e40c64b\" data-id=\"e40c64b\" data-element_type=\"column\">\n\t\t\t<div class=\"elementor-widget-wrap elementor-element-populated\">\n\t\t\t\t\t\t<div class=\"elementor-element elementor-element-c6f7b98 elementor-grid-eael-col-2 elementor-grid-tablet-eael-col-2 elementor-grid-mobile-eael-col-1 elementor-widget elementor-widget-eael-post-grid\" data-id=\"c6f7b98\" data-element_type=\"widget\" data-settings=\"{&quot;eael_post_grid_columns&quot;:&quot;eael-col-2&quot;,&quot;eael_post_grid_columns_tablet&quot;:&quot;eael-col-2&quot;,&quot;eael_post_grid_columns_mobile&quot;:&quot;eael-col-1&quot;}\" data-widget_type=\"eael-post-grid.default\">\n\t\t\t\t<div class=\"elementor-widget-container\">\n\t\t\t<div id=\"eael-post-grid-c6f7b98\" class=\"eael-post-grid-container\">\n            <div class=\"eael-post-grid eael-post-appender eael-post-appender-c6f7b98 eael-post-grid-style-two\" data-layout-mode=\"grid\"><article class=\"eael-grid-post eael-post-grid-column\" data-id=\"14201\">\n        <div class=\"eael-grid-post-holder\">\n            <div class=\"eael-grid-post-holder-inner\"><div class=\"eael-entry-wrapper\"><header class=\"eael-entry-header\"><h4 class=\"eael-entry-title\"><a\n                                    class=\"eael-grid-post-link\"\n                                    href=\"https:\/\/www.frbb.utn.edu.ar\/frbb\/postulantes-a-r-a\/postulantes-atp-1-analisis-matematico-i\/\"\n                                    title=\"Postulantes &#8211; ATP 1\u00b0- An\u00e1lisis Matem\u00e1tico I\">Postulantes &#8211; ATP 1\u00b0- An\u00e1lisis Matem\u00e1tico I<\/a><\/h4><\/header><div class=\"eael-entry-content\">\n                                    <div class=\"eael-grid-post-excerpt\"><p>Postulantes &#8211; ATP 1\u00b0 &#8211; An\u00e1lisis Matem\u00e1tico I. En la ciudad de Bah\u00eda Blanca, a los veintisiete d\u00edas del mes...<\/p><\/div>\n                                <\/div><div class=\"eael-entry-header-after style-two\"><div class=\"eael-entry-meta\"><span class=\"eael-meta-posted-on\"><i class=\"far fa-clock\"><\/i><time datetime=\"1 julio, 2025\">1 julio, 2025<\/time><\/span><\/div><\/div><\/div><\/div>\n        <\/div>\n    <\/article><\/div>\n            <div class=\"clearfix\"><\/div>\n        <\/div>\t\t<\/div>\n\t\t\t\t<\/div>\n\t\t\t\t\t<\/div>\n\t\t<\/div>\n\t\t\t\t<div class=\"elementor-column elementor-col-50 elementor-top-column elementor-element elementor-element-d770872\" data-id=\"d770872\" data-element_type=\"column\">\n\t\t\t<div class=\"elementor-widget-wrap elementor-element-populated\">\n\t\t\t\t\t\t<div class=\"elementor-element elementor-element-00c63e1 elementor-widget elementor-widget-html\" data-id=\"00c63e1\" data-element_type=\"widget\" data-widget_type=\"html.default\">\n\t\t\t\t<div class=\"elementor-widget-container\">\n\t\t\t<div id=\"sp-right\" ><div class=\"sp-column class2\">\t\t<div class=\"moduletable\">\n\t\t\t\t\t\t\n\n<div class=\"custom\">\n\t<style type=\"text\/css\">\n<!--\n\n.menu h4 {\n\tmargin-top: 0;\n\tfont-weight:700;\n\tmargin-bottom:20px;\n}\n\n.menu h4 span{\n\tmargin-right:10px;\n}\n\n.menu p {\n\tfont-size: 14px;\n\ttext-transform: uppercase;\n\tcolor: rgba(156, 39, 176, 1);\n\ttext-align: left;\n\tmargin: 0;\n\tfont-weight: 700;\n}\n\n.menu ul {\n    list-style-type: disc;\n\tpadding-left: 12px;\n}\n\n.menu ul > li {\n\tdisplay: block;\n\tborder-bottom: 1px solid #e8e8e8;\n\tmargin-bottom:3px;\n\tmargin-top:3px;\n\t-webkit-transition: 300ms;\n\ttransition: 300ms;\n}\n\n.menu ul > li > a {\n    \/*display: block;*\/\n\/*    padding-top: 4px;\n\tpadding-bottom: 4px;*\/\n\tcolor:#333333;\n\tline-height: 10px;\n\t\/*padding: 10px 0;*\/\n\t-webkit-transition: 300ms;\n\ttransition: 300ms;\n\tfont-size: 14px;\n\tfont-weight: 500;\n}\n\n.menu ul > li > a:hover {\n\ttext-decoration: underline;\n\tcolor:#000000;\t\n}\n\n.sp-module ul > li > a::before {\n\/*    font-family: FontAwesome;\n    content: \"\\f105\";\n    margin-right: 8px;*\/\n}\n\n<\/style>\n<div class=\"menu\">\n<p><span><i class=\"fa fa-file-text-o\"><\/i><\/span> Postulantes<\/p>\n\t<ul>\n\t\t<li class=\"item-476\"><a href=\"\/frbb\/institucional\/sacad\/postulantes-a-registros-de-aspirantes\"> <span style=\" font-weight:700\">Resultado de Registros<\/span> <\/a><\/li>\n        \n\t<\/ul>\n\t<p><span><i class=\"fa fa-file-text-o\"><\/i><\/span> normativa<\/p>\n\t<ul>\n\t\t<li class=\"item-476\"><a href=\"\/frbb\/info\/secretarias\/academica\/docentes\/registro_aspirantes\/normativa\/322.pdf\"> Resoluci\u00f3n 322 - Designaci\u00f3n Interinos <\/a><\/li>\n        <li class=\"item-477\"><a href=\"\/frbb\/info\/secretarias\/academica\/docentes\/registro_aspirantes\/normativa\/ord-1342-ayudante-de-segunda.pdf\"> Ordenanza 1342 - Ayudante Segunda<\/a><\/li>\n\t<\/ul>\n    <div style=\"padding-bottom:15px\"><\/div>\n  <p><span><i class=\"fa fa-file-text-o\"><\/i><\/span> formularios<\/p>\n    <ul>\n        <li class=\"item-479\"><a href=\"\/frbb\/info\/secretarias\/academica\/docentes\/registro_aspirantes\/normativa\/nota-tipo-inscribirse-registros.pdf\"> Nota Solicitud de Inscripci\u00f3n Registros<\/a><\/li>\n    <\/ul>\n<\/div><\/div>\n\t\t<\/div>\n\t<\/div><\/div>\t\t<\/div>\n\t\t\t\t<\/div>\n\t\t\t\t\t<\/div>\n\t\t<\/div>\n\t\t\t\t\t<\/div>\n\t\t<\/section>\n\t\t\t\t<\/div>\n\t\t","protected":false},"excerpt":{"rendered":"<p>Postulantes &#8211; ATP 1\u00b0 &#8211; Laboratorio de Potencia Postulantes &#8211; ATP 1\u00b0 &#8211; Laboratorio de Potencia Mediante la presente, despu\u00e9s de analizar los antecedentes presentados por los inscriptos&#8230; 21 mayo, 2024 Postulantes &#8211; ATP 1\u00b0 &#8211; An\u00e1lisis Matem\u00e1tico II Postulantes &#8211; ATP 1\u00b0 &#8211; An\u00e1lisis Matem\u00e1tico II En la ciudad de Bah\u00eda Blanca, a los &hellip;<\/p>\n<p class=\"read-more\"> <a class=\"\" href=\"https:\/\/www.frbb.utn.edu.ar\/frbb\/postulantes-a-r-a\/postulantes-atp-1-analisis-matematico-i\/\"> <span class=\"screen-reader-text\">Postulantes &#8211; ATP 1\u00b0- An\u00e1lisis Matem\u00e1tico I<\/span> Leer m\u00e1s &raquo;<\/a><\/p>\n","protected":false},"author":1,"featured_media":0,"parent":7296,"menu_order":0,"comment_status":"closed","ping_status":"closed","template":"elementor_header_footer","meta":{"site-sidebar-layout":"no-sidebar","site-content-layout":"page-builder","ast-site-content-layout":"","site-content-style":"default","site-sidebar-style":"default","ast-global-header-display":"","ast-banner-title-visibility":"","ast-main-header-display":"","ast-hfb-above-header-display":"","ast-hfb-below-header-display":"","ast-hfb-mobile-header-display":"","site-post-title":"disabled","ast-breadcrumbs-content":"","ast-featured-img":"disabled","footer-sml-layout":"","theme-transparent-header-meta":"","adv-header-id-meta":"","stick-header-meta":"","header-above-stick-meta":"","header-main-stick-meta":"","header-below-stick-meta":"","astra-migrate-meta-layouts":"","ast-page-background-enabled":"default","ast-page-background-meta":{"desktop":{"background-color":"","background-image":"","background-repeat":"repeat","background-position":"center center","background-size":"auto","background-attachment":"scroll","background-type":"","background-media":"","overlay-type":"","overlay-color":"","overlay-gradient":""},"tablet":{"background-color":"","background-image":"","background-repeat":"repeat","background-position":"center center","background-size":"auto","background-attachment":"scroll","background-type":"","background-media":"","overlay-type":"","overlay-color":"","overlay-gradient":""},"mobile":{"background-color":"","background-image":"","background-repeat":"repeat","background-position":"center center","background-size":"auto","background-attachment":"scroll","background-type":"","background-media":"","overlay-type":"","overlay-color":"","overlay-gradient":""}},"ast-content-background-meta":{"desktop":{"background-color":"var(--ast-global-color-5)","background-image":"","background-repeat":"repeat","background-position":"center center","background-size":"auto","background-attachment":"scroll","background-type":"","background-media":"","overlay-type":"","overlay-color":"","overlay-gradient":""},"tablet":{"background-color":"var(--ast-global-color-5)","background-image":"","background-repeat":"repeat","background-position":"center center","background-size":"auto","background-attachment":"scroll","background-type":"","background-media":"","overlay-type":"","overlay-color":"","overlay-gradient":""},"mobile":{"background-color":"var(--ast-global-color-5)","background-image":"","background-repeat":"repeat","background-position":"center center","background-size":"auto","background-attachment":"scroll","background-type":"","background-media":"","overlay-type":"","overlay-color":"","overlay-gradient":""}},"footnotes":""},"class_list":["post-8305","page","type-page","status-publish","hentry"],"_links":{"self":[{"href":"https:\/\/www.frbb.utn.edu.ar\/frbb\/wp-json\/wp\/v2\/pages\/8305"}],"collection":[{"href":"https:\/\/www.frbb.utn.edu.ar\/frbb\/wp-json\/wp\/v2\/pages"}],"about":[{"href":"https:\/\/www.frbb.utn.edu.ar\/frbb\/wp-json\/wp\/v2\/types\/page"}],"author":[{"embeddable":true,"href":"https:\/\/www.frbb.utn.edu.ar\/frbb\/wp-json\/wp\/v2\/users\/1"}],"replies":[{"embeddable":true,"href":"https:\/\/www.frbb.utn.edu.ar\/frbb\/wp-json\/wp\/v2\/comments?post=8305"}],"version-history":[{"count":0,"href":"https:\/\/www.frbb.utn.edu.ar\/frbb\/wp-json\/wp\/v2\/pages\/8305\/revisions"}],"up":[{"embeddable":true,"href":"https:\/\/www.frbb.utn.edu.ar\/frbb\/wp-json\/wp\/v2\/pages\/7296"}],"wp:attachment":[{"href":"https:\/\/www.frbb.utn.edu.ar\/frbb\/wp-json\/wp\/v2\/media?parent=8305"}],"curies":[{"name":"wp","href":"https:\/\/api.w.org\/{rel}","templated":true}]}}