{"id":8316,"date":"2023-08-22T19:19:00","date_gmt":"2023-08-22T22:19:00","guid":{"rendered":"http:\/\/pc5.frbb.utn.edu.ar\/frbb\/?page_id=8316"},"modified":"2024-06-05T17:33:27","modified_gmt":"2024-06-05T20:33:27","slug":"nomina-de-inscriptos","status":"publish","type":"page","link":"https:\/\/www.frbb.utn.edu.ar\/frbb\/concursos-docentes\/nomina-de-inscriptos\/","title":{"rendered":"Nomina de Inscriptos"},"content":{"rendered":"\t\t<div data-elementor-type=\"wp-page\" data-elementor-id=\"8316\" class=\"elementor elementor-8316\">\n\t\t\t\t\t\t<section class=\"elementor-section elementor-top-section elementor-element elementor-element-45e8966 elementor-section-boxed elementor-section-height-default elementor-section-height-default\" data-id=\"45e8966\" data-element_type=\"section\">\n\t\t\t\t\t\t<div class=\"elementor-container elementor-column-gap-default\">\n\t\t\t\t\t<div class=\"elementor-column elementor-col-50 elementor-top-column elementor-element elementor-element-e13357f\" data-id=\"e13357f\" data-element_type=\"column\">\n\t\t\t<div class=\"elementor-widget-wrap elementor-element-populated\">\n\t\t\t\t\t\t<div class=\"elementor-element elementor-element-b3b4cdb elementor-grid-eael-col-2 elementor-grid-tablet-eael-col-2 elementor-grid-mobile-eael-col-1 elementor-widget elementor-widget-eael-post-grid\" data-id=\"b3b4cdb\" data-element_type=\"widget\" data-settings=\"{&quot;eael_post_grid_columns&quot;:&quot;eael-col-2&quot;,&quot;eael_post_grid_columns_tablet&quot;:&quot;eael-col-2&quot;,&quot;eael_post_grid_columns_mobile&quot;:&quot;eael-col-1&quot;}\" data-widget_type=\"eael-post-grid.default\">\n\t\t\t\t<div class=\"elementor-widget-container\">\n\t\t\t<div id=\"eael-post-grid-b3b4cdb\" class=\"eael-post-grid-container\">\n            <div class=\"eael-post-grid eael-post-appender eael-post-appender-b3b4cdb eael-post-grid-style-two\" data-layout-mode=\"masonry\"><article class=\"eael-grid-post eael-post-grid-column\" data-id=\"31737\">\n        <div class=\"eael-grid-post-holder\">\n            <div class=\"eael-grid-post-holder-inner\"><div class=\"eael-entry-wrapper\"><header class=\"eael-entry-header\"><h6 class=\"eael-entry-title\"><a\n                                    class=\"eael-grid-post-link\"\n                                    href=\"https:\/\/www.frbb.utn.edu.ar\/frbb\/nomina-inscriptos\/nomina-de-inscriptos-profesores-teoria-de-los-circuitos-i\/\"\n                                    title=\"N\u00f3mina de Inscriptos Profesores &#8211; Sistemas de Control\">N\u00f3mina de Inscriptos Profesores &#8211; Sistemas de Control<\/a><\/h6><\/header><div class=\"eael-entry-header-after style-two\"><div class=\"eael-entry-meta\"><span class=\"eael-meta-posted-on\"><i class=\"far fa-clock\"><\/i><time datetime=\"7 abril, 2026\">7 abril, 2026<\/time><\/span><\/div><\/div><\/div><\/div>\n        <\/div>\n    <\/article><article class=\"eael-grid-post eael-post-grid-column\" data-id=\"8745\">\n        <div class=\"eael-grid-post-holder\">\n            <div class=\"eael-grid-post-holder-inner\"><div class=\"eael-entry-wrapper\"><header class=\"eael-entry-header\"><h6 class=\"eael-entry-title\"><a\n                                    class=\"eael-grid-post-link\"\n                                    href=\"https:\/\/www.frbb.utn.edu.ar\/frbb\/nomina-inscriptos\/nomina-de-inscriptos-profesores-quimica-general\/\"\n                                    title=\"N\u00f3mina de Inscriptos Profesores &#8211; An\u00e1lisis Matem\u00e1tico I\">N\u00f3mina de Inscriptos Profesores &#8211; An\u00e1lisis Matem\u00e1tico I<\/a><\/h6><\/header><div class=\"eael-entry-header-after style-two\"><div class=\"eael-entry-meta\"><span class=\"eael-meta-posted-on\"><i class=\"far fa-clock\"><\/i><time datetime=\"7 abril, 2026\">7 abril, 2026<\/time><\/span><\/div><\/div><\/div><\/div>\n        <\/div>\n    <\/article><article class=\"eael-grid-post eael-post-grid-column\" data-id=\"25803\">\n        <div class=\"eael-grid-post-holder\">\n            <div class=\"eael-grid-post-holder-inner\"><div class=\"eael-entry-wrapper\"><header class=\"eael-entry-header\"><h6 class=\"eael-entry-title\"><a\n                                    class=\"eael-grid-post-link\"\n                                    href=\"https:\/\/www.frbb.utn.edu.ar\/frbb\/nomina-inscriptos\/nomina-de-inscriptos-auxiliares-ingles-i\/\"\n                                    title=\"N\u00f3mina de Inscriptos Profesores &#8211; Ingl\u00e9s I\">N\u00f3mina de Inscriptos Profesores &#8211; Ingl\u00e9s I<\/a><\/h6><\/header><div class=\"eael-entry-header-after style-two\"><div class=\"eael-entry-meta\"><span class=\"eael-meta-posted-on\"><i class=\"far fa-clock\"><\/i><time datetime=\"7 abril, 2026\">7 abril, 2026<\/time><\/span><\/div><\/div><\/div><\/div>\n        <\/div>\n    <\/article><\/div>\n            <div class=\"clearfix\"><\/div>\n        <\/div>\t\t<\/div>\n\t\t\t\t<\/div>\n\t\t\t\t\t<\/div>\n\t\t<\/div>\n\t\t\t\t<div class=\"elementor-column elementor-col-50 elementor-top-column elementor-element elementor-element-cd0821c\" data-id=\"cd0821c\" data-element_type=\"column\">\n\t\t\t<div class=\"elementor-widget-wrap elementor-element-populated\">\n\t\t\t\t\t\t<div class=\"elementor-element elementor-element-01af1ce elementor-widget elementor-widget-html\" data-id=\"01af1ce\" data-element_type=\"widget\" data-widget_type=\"html.default\">\n\t\t\t\t<div class=\"elementor-widget-container\">\n\t\t\t<div id=\"sp-right\" ><div class=\"sp-column class2\">\t\t<div class=\"moduletable\">\r\n\t\t\t\t\t\t\r\n\r\n<div class=\"custom\">\r\n\t<style type=\"text\/css\">\r\n    <!--\r\n    \r\n    .menu h4 {\r\n      margin-top: 0;\r\n      font-weight:700;\r\n      margin-bottom:20px;\r\n    }\r\n    \r\n    .menu h4 span{\r\n      margin-right:10px;\r\n    }\r\n    \r\n    .menu p {\r\n      font-size: 14px;\r\n      text-transform: uppercase;\r\n      color: rgba(156, 39, 176, 1);\r\n      text-align: left;\r\n      margin: 0;\r\n      font-weight: 700;\r\n    }\r\n    \r\n    .menu ul {\r\n        list-style-type: disc;\r\n      padding-left: 12px;\r\n    }\r\n    \r\n    .menu ul > li {\r\n      display: block;\r\n      border-bottom: 1px solid #e8e8e8;\r\n      margin-bottom:3px;\r\n      margin-top:3px;\r\n      -webkit-transition: 300ms;\r\n      transition: 300ms;\r\n    }\r\n    \r\n    .menu ul > li > a {\r\n        \/*display: block;*\/\r\n    \/*    padding-top: 4px;\r\n      padding-bottom: 4px;*\/\r\n      color:#333333;\r\n      line-height: 10px;\r\n      \/*padding: 10px 0;*\/\r\n      -webkit-transition: 300ms;\r\n      transition: 300ms;\r\n      font-size: 14px;\r\n      font-weight: 500;\r\n    }\r\n    \r\n    .menu ul > li > a:hover {\r\n      text-decoration: underline;\r\n      color:#000000;\t\r\n    }\r\n    \r\n    .sp-module ul > li > a::before {\r\n    \/*    font-family: FontAwesome;\r\n        content: \"\\f105\";\r\n        margin-right: 8px;*\/\r\n    }\r\n    \r\n    <\/style>\r\n    <div class=\"menu\">\r\n    <p><span><i class=\"fa fa-file-text-o\"><\/i><\/span> N\u00f3mina de Inscriptos<\/p>\r\n        <ul>\r\n            <li class=\"item-479\"><a href=\"\/frbb\/concursos-docentes\/nomina-de-inscriptos\"> <span style=\" font-weight:700\"> N\u00f3mina de inscriptos a concursos<\/span><\/a><\/li>\r\n    \r\n        <\/ul>\r\n      <p><span><i class=\"fa fa-file-text-o\"><\/i><\/span> normativa<\/p>\r\n      <ul>\r\n        <li><a href=\"\/frbb\/info\/secretarias\/academica\/docentes\/concursos_docentes\/normativa\/res1435.pdf\"> Ordenanza N\u00ba 1435-1 (Modificaci\u00f3n parcial ordenanzas N\u00ba 1181 y 1273)<\/a><\/li>\r\n            <li><a href=\"\/frbb\/info\/secretarias\/academica\/docentes\/concursos_docentes\/normativa\/1539.pdf\"> Ordenanza 1539 \"Lineamientos para la designaci\u00f3n de Docentes de Laboratorio\"<\/a><\/li>\r\n            <li class=\"item-479\"><a href=\"http:\/\/csu.rec.utn.edu.ar\/docs\/php\/salida.php3?tipo=ORD&amp;numero=964&amp;anio=0&amp;facultad=CSU\"> Ordenanza 964 Lineamientos para la designaci\u00f3n de docentes con dedicaci\u00f3n exclusiva<\/a><\/li>\r\n            <li><a href=\"\/frbb\/info\/secretarias\/academica\/docentes\/concursos_docentes\/normativa\/ord-1273-concursos-profesores.pdf\">Ordenanza 1273 - Concurso Profesores <\/a><\/li>\r\n            <li><a href=\"\/frbb\/info\/secretarias\/academica\/docentes\/concursos_docentes\/normativa\/ord-1181-concursos-auxiliares.pdf\">Ordenanza 1181 - Concurso Auxiliares <\/a><\/li>\r\n            <li><a href=\"\/frbb\/info\/secretarias\/academica\/docentes\/concursos_docentes\/normativa\/ord-1346-lineamientos-concursos-prof.pdf\">Ord. 1346 - Lineamientos Concursos Prof. <\/a><\/li>\r\n        <\/ul>\r\n        <div style=\"padding-bottom:15px\"><\/div>\r\n        <p><span><i class=\"fa fa-file-text-o\"><\/i><\/span> DOCUMENTACI\u00d3N A PRESENTAR<\/p>\r\n        <ul>\r\n          <li class=\"item-479\"><a href=\"\/frbb\/info\/secretarias\/academica\/docentes\/concursos_docentes\/normativa\/documentacion_concurso_profesores_y_ayudantes.pdf\"> Documentaci\u00f3n Concursos de Profesores y Auxiliares <\/a><\/li>\r\n            \r\n        <\/ul>\r\n        <div style=\"padding-bottom:15px\"><\/div>\r\n        <p><span><i class=\"fa fa-file-text-o\"><\/i><\/span> formularios<\/p>\r\n        <ul>\r\n            <li class=\"item-479\"><a href=\"\/frbb\/info\/secretarias\/academica\/docentes\/concursos_docentes\/solicitud-inscripcion-profesores.doc\"> Nota Solicitud Inscripci\u00f3n Profesores<\/a><\/li>\r\n            <li class=\"item-479\"><a href=\"\/frbb\/info\/secretarias\/academica\/docentes\/concursos_docentes\/solicitud-inscripcion-auxiliares.doc\"> Nota Solicitud Inscripci\u00f3n Auxiliares<\/a><\/li>\r\n        <\/ul>\r\n        <div style=\"padding-bottom:15px\"><\/div>\r\n        \r\n    <\/div><\/div>\r\n\t\t<\/div>\r\n\t<\/div><\/div>\t\t<\/div>\n\t\t\t\t<\/div>\n\t\t\t\t\t<\/div>\n\t\t<\/div>\n\t\t\t\t\t<\/div>\n\t\t<\/section>\n\t\t\t\t<\/div>\n\t\t","protected":false},"excerpt":{"rendered":"<p>N\u00f3mina de Inscriptos Docentes &#8211; Medidas Electr\u00f3nicas II 4 junio, 2024 N\u00f3mina de Inscriptos Docentes &#8211; \u00c1lgebra y Geometr\u00eda Anal\u00edtica 28 diciembre, 2023 N\u00f3mina de Inscriptos Docentes &#8211; Sistemas de Representaci\u00f3n 28 diciembre, 2023 N\u00f3mina de Inscriptos Docentes &#8211; C\u00e1lculo Avanzado 28 diciembre, 2023 N\u00f3mina de Inscriptos Docentes &#8211; Proyecto Final 11 septiembre, 2023 N\u00f3mina &hellip;<\/p>\n<p class=\"read-more\"> <a class=\"\" href=\"https:\/\/www.frbb.utn.edu.ar\/frbb\/nomina-inscriptos\/nomina-de-inscriptos-auxiliares-ingles-i\/\"> <span class=\"screen-reader-text\">N\u00f3mina de Inscriptos Profesores &#8211; Ingl\u00e9s I<\/span> Leer m\u00e1s &raquo;<\/a><\/p>\n","protected":false},"author":1,"featured_media":0,"parent":7301,"menu_order":0,"comment_status":"closed","ping_status":"closed","template":"elementor_header_footer","meta":{"site-sidebar-layout":"no-sidebar","site-content-layout":"page-builder","ast-site-content-layout":"","site-content-style":"default","site-sidebar-style":"default","ast-global-header-display":"","ast-banner-title-visibility":"","ast-main-header-display":"","ast-hfb-above-header-display":"","ast-hfb-below-header-display":"","ast-hfb-mobile-header-display":"","site-post-title":"disabled","ast-breadcrumbs-content":"","ast-featured-img":"disabled","footer-sml-layout":"","theme-transparent-header-meta":"","adv-header-id-meta":"","stick-header-meta":"","header-above-stick-meta":"","header-main-stick-meta":"","header-below-stick-meta":"","astra-migrate-meta-layouts":"","ast-page-background-enabled":"default","ast-page-background-meta":{"desktop":{"background-color":"","background-image":"","background-repeat":"repeat","background-position":"center center","background-size":"auto","background-attachment":"scroll","background-type":"","background-media":"","overlay-type":"","overlay-color":"","overlay-gradient":""},"tablet":{"background-color":"","background-image":"","background-repeat":"repeat","background-position":"center center","background-size":"auto","background-attachment":"scroll","background-type":"","background-media":"","overlay-type":"","overlay-color":"","overlay-gradient":""},"mobile":{"background-color":"","background-image":"","background-repeat":"repeat","background-position":"center center","background-size":"auto","background-attachment":"scroll","background-type":"","background-media":"","overlay-type":"","overlay-color":"","overlay-gradient":""}},"ast-content-background-meta":{"desktop":{"background-color":"var(--ast-global-color-5)","background-image":"","background-repeat":"repeat","background-position":"center center","background-size":"auto","background-attachment":"scroll","background-type":"","background-media":"","overlay-type":"","overlay-color":"","overlay-gradient":""},"tablet":{"background-color":"var(--ast-global-color-5)","background-image":"","background-repeat":"repeat","background-position":"center center","background-size":"auto","background-attachment":"scroll","background-type":"","background-media":"","overlay-type":"","overlay-color":"","overlay-gradient":""},"mobile":{"background-color":"var(--ast-global-color-5)","background-image":"","background-repeat":"repeat","background-position":"center center","background-size":"auto","background-attachment":"scroll","background-type":"","background-media":"","overlay-type":"","overlay-color":"","overlay-gradient":""}},"footnotes":""},"class_list":["post-8316","page","type-page","status-publish","hentry"],"_links":{"self":[{"href":"https:\/\/www.frbb.utn.edu.ar\/frbb\/wp-json\/wp\/v2\/pages\/8316"}],"collection":[{"href":"https:\/\/www.frbb.utn.edu.ar\/frbb\/wp-json\/wp\/v2\/pages"}],"about":[{"href":"https:\/\/www.frbb.utn.edu.ar\/frbb\/wp-json\/wp\/v2\/types\/page"}],"author":[{"embeddable":true,"href":"https:\/\/www.frbb.utn.edu.ar\/frbb\/wp-json\/wp\/v2\/users\/1"}],"replies":[{"embeddable":true,"href":"https:\/\/www.frbb.utn.edu.ar\/frbb\/wp-json\/wp\/v2\/comments?post=8316"}],"version-history":[{"count":0,"href":"https:\/\/www.frbb.utn.edu.ar\/frbb\/wp-json\/wp\/v2\/pages\/8316\/revisions"}],"up":[{"embeddable":true,"href":"https:\/\/www.frbb.utn.edu.ar\/frbb\/wp-json\/wp\/v2\/pages\/7301"}],"wp:attachment":[{"href":"https:\/\/www.frbb.utn.edu.ar\/frbb\/wp-json\/wp\/v2\/media?parent=8316"}],"curies":[{"name":"wp","href":"https:\/\/api.w.org\/{rel}","templated":true}]}}